{"id":54,"date":"2022-04-13T10:53:27","date_gmt":"2022-04-13T08:53:27","guid":{"rendered":"https:\/\/www.dopharma-ripac.com\/?page_id=54"},"modified":"2026-03-10T13:54:32","modified_gmt":"2026-03-10T12:54:32","slug":"service","status":"publish","type":"page","link":"https:\/\/www.dopharma-ripac.com\/de\/service\/","title":{"rendered":"Service"},"content":{"rendered":"<div class=\"banner has-hover\" id=\"banner-581737663\">\n          <div class=\"banner-inner fill\">\n        <div class=\"banner-bg fill\" >\n            <img loading=\"lazy\" decoding=\"async\" width=\"1800\" height=\"675\" src=\"https:\/\/www.dopharma-ripac.com\/wp-content\/uploads\/2022\/04\/csm_Reagenz_1def8cff37_1800.jpg\" class=\"bg attachment-original size-original\" alt=\"\" \/>                        <div class=\"overlay\"><\/div>            \n                    <\/div>\n\t\t\n\t<div class=\"ux-shape-divider ux-shape-divider--bottom ux-shape-divider--style-curve-2-invert\">\n\t\t<svg viewbox=\"0 0 1000 100\" xmlns=\"http:\/\/www.w3.org\/2000\/svg\" preserveaspectratio=\"none\">\n\t<path class=\"ux-shape-fill\" d=\"M1000 100H0V4.71656C494.161 100.895 796.31 101.094 1000 5.31298V100Z\"\/>\n<\/svg>\n\t<\/div>\n        <div class=\"banner-layers container\">\n            <div class=\"fill banner-link\"><\/div>            \n   <div id=\"text-box-466602087\" class=\"text-box banner-layer x5 md-x5 lg-x5 y50 md-y50 lg-y50 res-text\">\n                                <div class=\"text-box-content text dark\">\n              \n              <div class=\"text-inner text-center\">\n                  \n\t<div id=\"text-456638743\" class=\"text\">\n\t\t\n<h2><b>Service<\/b><\/h2>\n<h3>Wir sind gern f\u00fcr Sie da<\/h3>\n\t\t\n<style>\n#text-456638743 {\n  text-align: left;\n}\n<\/style>\n\t<\/div>\n\t\n              <\/div>\n           <\/div>\n                            \n<style>\n#text-box-466602087 {\n  width: 60%;\n}\n#text-box-466602087 .text-box-content {\n  font-size: 100%;\n}\n<\/style>\n    <\/div>\n \n        <\/div>\n      <\/div>\n\n            \n<style>\n#banner-581737663 {\n  padding-top: 300px;\n}\n#banner-581737663 .overlay {\n  background-color: rgba(0, 0, 0, 0.256);\n}\n#banner-581737663 .banner-bg img {\n  object-position: 98% 94%;\n}\n#banner-581737663 .ux-shape-divider--bottom svg {\n  height: 150px;\n  --divider-width: 144%;\n}\n#banner-581737663 .ux-shape-divider--bottom .ux-shape-fill {\n  fill: rgb(234, 245, 249);\n}\n@media (min-width:550px) {\n  #banner-581737663 {\n    padding-top: 600px;\n  }\n}\n<\/style>\n  <\/div>\n\n\n\n\t<section class=\"section\" id=\"section_1163313087\">\n\t\t<div class=\"section-bg fill\" >\n\t\t\t\t\t\t\t\t\t\n\t\t\t\n\n\t\t<\/div>\n\n\t\t\n\t<div class=\"ux-shape-divider ux-shape-divider--bottom ux-shape-divider--style-curve-2\">\n\t\t<svg viewbox=\"0 0 1000 100\" xmlns=\"http:\/\/www.w3.org\/2000\/svg\" preserveaspectratio=\"none\">\n\t<path class=\"ux-shape-fill\" d=\"M-24 100C493.5 -2.66667 804 -2.66667 1011 100H-24Z\"\/>\n<\/svg>\n\t<\/div>\n\n\t\t<div class=\"section-content relative\">\n\t\t\t\n<div class=\"row\"  id=\"row-2116003943\">\n\n\t<div id=\"col-1135094287\" class=\"col small-12 large-12\"  >\n\t\t\t\t<div class=\"col-inner\"  >\n\t\t\t\n\t\t\t\n<h2><strong>Service \u2013 Ausk\u00fcnfte und Einblicke<\/strong><\/h2>\n<section class=\"av_textblock_section av-lacej5ai-668776f54c3f0ff9c11eeba544cab0e9\">\n<div class=\"avia_textblock\">\n<p>Die intensive Kommunikation und der fachliche Austausch mit Ihnen, unseren Kunden, erm\u00f6glichen es uns, unsere Produkte und Services zu optimieren und individuell an Ihre Bed\u00fcrfnisse anzupassen.<\/p>\n<\/div>\n<\/section>\n<section class=\"av_textblock_section av-l1xbkwfr-fb4ffb9cc2c0656d0919386f36518c99\">\n<div class=\"avia_textblock\">\n<h3><strong>Beratung zur Bestandsspezifischen Immunprophylaxe<\/strong><\/h3>\n<p>Die Voraussetzung f\u00fcr die Wirksamkeit unserer bestandsspezifischen Impfstoffe ist die Isolierung des krankheitsausl\u00f6senden Erregers aus z.T. komplexem Probenmaterial sowie die pr\u00e4zise Identifikation des Infektionserregers: Welche Art von Probe ist zur optimalen Erregeridentifikation bei welchen Tieren und zu welchem Zeitpunkt erforderlich? Hinzu kommen weitere Faktoren:<\/p>\n<ul>\n<li>Welche Kombination aus viralen und bakteriellen Antigenen ist geeignet?<\/li>\n<li>Welches Adjuvans empfiehlt sich?<\/li>\n<li>Wann ist der ideale Impfzeitpunkt? Usw.<\/li>\n<\/ul>\n<p>Erfahrungsgem\u00e4\u00df lassen sich diese Fragen am besten im Rahmen einer pers\u00f6nlichen Beratung kl\u00e4ren \u2013 egal ob telefonisch, per E-Mail, im Online-Meeting oder vor Ort w\u00e4hrend eines Bestandsbesuches. Z\u00f6gern Sie also nicht, uns zu kontaktieren \u2013 insbesondere, wenn Sie zum ersten Mal Ihren ma\u00dfgeschneiderten Impfstoff bestellen.<\/p>\n<\/div>\n<\/section>\n<section class=\"av_textblock_section av-lacelfrz-661b376043c4f29a4227e5018305bd5a\">\n<div class=\"avia_textblock\">\n<h3><strong>Probenmaterial und -abholung<\/strong><\/h3>\n<p>Gerne beraten wir Sie bez\u00fcglich geeigneten Probenmaterials zur diagnostischen Untersuchung sowie zu dessen Entnahme und Versand und stellen Ihnen bei Bedarf auch Probenahmesets zur Verf\u00fcgung. Wenn es eilt, Sie aber ausgelastet sind, besteht die M\u00f6glichkeit, die Abholung der Proben durch unseren Logistikpartner zu veranlassen. Rufen Sie uns einfach an!<\/p>\n<\/div>\n<\/section>\n\t\t<\/div>\n\t\t\t\t\t<\/div>\n\n\t\n<\/div>\n\t\t<\/div>\n\n\t\t\n<style>\n#section_1163313087 {\n  padding-top: 30px;\n  padding-bottom: 30px;\n  background-color: rgb(234, 245, 249);\n}\n#section_1163313087 .ux-shape-divider--bottom svg {\n  height: 50px;\n  --divider-width: 100%;\n}\n<\/style>\n\t<\/section>\n\t\n\n\t<section class=\"section\" id=\"section_654898003\">\n\t\t<div class=\"section-bg fill\" >\n\t\t\t\t\t\t\t\t\t\n\t\t\t\n\n\t\t<\/div>\n\n\t\t\n\n\t\t<div class=\"section-content relative\">\n\t\t\t\n<div class=\"row\"  id=\"row-90314367\">\n\n\t<div id=\"col-1329691232\" class=\"col medium-6 small-12 large-6\"  >\n\t\t\t\t<div class=\"col-inner\"  >\n\t\t\t\n\t\t\t\n<h4><strong>Untersuchungsauftrag Veterin\u00e4rmedizin<\/strong><\/h4>\n<p>Auftragsformular f\u00fcr Untersuchungen veterin\u00e4rmedizinischer Proben<\/p>\n<a href=\"\/wp-content\/uploads\/2025\/09\/FB-339-01-Untersuchungsauftrag-Diagnostik-SCHWEINE-Ripac-Labor-FINAL-EXTERN.pdf\" target=\"_blank\" class=\"button primary\" rel=\"noopener\" >\n\t\t<span>Schwein<\/span>\n\t<i class=\"icon-angle-down\" aria-hidden=\"true\"><\/i><\/a>\n\n<a href=\"\/wp-content\/uploads\/2025\/09\/FB-340-01-Untersuchungsauftrag-Diagnostik-RIND-Ripac-Labor-FINAL-EXTERN.pdf\" target=\"_blank\" class=\"button primary\" rel=\"noopener\" >\n\t\t<span>Wiederk\u00e4uer<\/span>\n\t<i class=\"icon-angle-down\" aria-hidden=\"true\"><\/i><\/a>\n\n\t\t<\/div>\n\t\t\t\t\t<\/div>\n\n\t\n\n\t<div id=\"col-1693522472\" class=\"col medium-6 small-12 large-6\"  >\n\t\t\t\t<div class=\"col-inner\"  >\n\t\t\t\n\t\t\t\n<h4><strong>Untersuchungsauftrag Futtermittel<\/strong><\/h4>\n<p>Auftragsformular f\u00fcr Untersuchungen von Futtermitteln<\/p>\n<a href=\"\/wp-content\/uploads\/2025\/05\/FB-037-08_Auftrag_Futtermittel_extern_Urbana.pdf\" target=\"_blank\" class=\"button primary\" rel=\"noopener\" >\n\t\t<span>PDF Herunterladen<\/span>\n\t<i class=\"icon-angle-down\" aria-hidden=\"true\"><\/i><\/a>\n\n\t\t<\/div>\n\t\t\t\t\t<\/div>\n\n\t\n\n\t<div id=\"col-663786497\" class=\"col medium-6 small-12 large-6\"  >\n\t\t\t\t<div class=\"col-inner\"  >\n\t\t\t\n\t\t\t\n<a href=\"\/wp-content\/uploads\/2025\/05\/FB-002-15_Auftrag_VetMed_Diagnostik_extern_Urbana.pdf\" target=\"_blank\" class=\"button primary\" rel=\"noopener\" >\n\t\t<span>Andere Tierarten<\/span>\n\t<i class=\"icon-angle-down\" aria-hidden=\"true\"><\/i><\/a>\n\n<h4><strong>Untersuchungsauftrag MALDI-TOF MS<\/strong><\/h4>\n<p>Auftragsformular f\u00fcr die Identifizierung von Mikroorganismen mittels MALDI-TOF MS<\/p>\n<a href=\"\/wp-content\/uploads\/2025\/05\/FB-001-07_Auftrag_MALDI-ID_Bakterien-Hefen-Pilze_extern_Urbana.pdf\" target=\"_blank\" class=\"button primary\" rel=\"noopener\" >\n\t\t<span>PDF Herunterladen<\/span>\n\t<i class=\"icon-angle-down\" aria-hidden=\"true\"><\/i><\/a>\n\n\t\t<\/div>\n\t\t\t\t\t<\/div>\n\n\t\n\n\t<div id=\"col-397845532\" class=\"col medium-6 small-12 large-6\"  >\n\t\t\t\t<div class=\"col-inner\"  >\n\t\t\t\n\t\t\t\n<h4><strong>Bestellformular Impfstoffe<\/strong><\/h4>\n<p>Bestellformular f\u00fcr autogene Vakzine<\/p>\n<a href=\"\/wp-content\/uploads\/2025\/05\/FB-237-04_Bestellformular_Dophavac-Vakzine_Formular_extern_Urbana.pdf\" target=\"_blank\" class=\"button primary\" rel=\"noopener\" >\n\t\t<span>PDF Herunterladen<\/span>\n\t<i class=\"icon-angle-down\" aria-hidden=\"true\"><\/i><\/a>\n\n\t\t<\/div>\n\t\t\t\t\t<\/div>\n\n\t\n\n\t<div id=\"col-1649772440\" class=\"col medium-11 small-12 large-11\"  >\n\t\t\t\t<div class=\"col-inner\"  >\n\t\t\t\n\t\t\t\n<p>Weitere Formulare in verschiedenen Sprachen und andere hilfreiche Dokumente finden Sie auf der <a href=\"https:\/\/www.dophavacc.com\/de\/downloads\/\" target=\"_blank\" rel=\"noopener\">Download-Seite von Dophavacc.com<\/a>\u00a0<\/p>\n\t\t<\/div>\n\t\t\t\t\t<\/div>\n\n\t\n<\/div>\n\t\t<\/div>\n\n\t\t\n<style>\n#section_654898003 {\n  padding-top: 30px;\n  padding-bottom: 30px;\n}\n<\/style>\n\t<\/section>","protected":false},"excerpt":{"rendered":"","protected":false},"author":1,"featured_media":0,"parent":0,"menu_order":0,"comment_status":"closed","ping_status":"closed","template":"page-blank.php","meta":{"footnotes":""},"class_list":["post-54","page","type-page","status-publish","hentry"],"yoast_head":"<!-- This site is optimized with the Yoast SEO plugin v27.3 - https:\/\/yoast.com\/product\/yoast-seo-wordpress\/ -->\n<title>Service - Ripac Labor - A Dopharma Company<\/title>\n<meta name=\"robots\" content=\"index, follow, max-snippet:-1, max-image-preview:large, max-video-preview:-1\" \/>\n<link rel=\"canonical\" href=\"https:\/\/www.dopharma-ripac.com\/de\/service\/\" \/>\n<meta property=\"og:locale\" content=\"de_DE\" \/>\n<meta property=\"og:type\" content=\"article\" \/>\n<meta property=\"og:title\" content=\"Service - Ripac Labor - A Dopharma Company\" \/>\n<meta property=\"og:url\" content=\"https:\/\/www.dopharma-ripac.com\/de\/service\/\" \/>\n<meta property=\"og:site_name\" content=\"Ripac Labor - A Dopharma Company\" \/>\n<meta property=\"article:modified_time\" content=\"2026-03-10T12:54:32+00:00\" \/>\n<meta name=\"twitter:card\" content=\"summary_large_image\" \/>\n<meta name=\"twitter:label1\" content=\"Gesch\u00e4tzte Lesezeit\" \/>\n\t<meta name=\"twitter:data1\" content=\"6\u00a0Minuten\" \/>\n<script type=\"application\/ld+json\" class=\"yoast-schema-graph\">{\"@context\":\"https:\\\/\\\/schema.org\",\"@graph\":[{\"@type\":\"WebPage\",\"@id\":\"https:\\\/\\\/www.dopharma-ripac.com\\\/service\\\/\",\"url\":\"https:\\\/\\\/www.dopharma-ripac.com\\\/service\\\/\",\"name\":\"Service - Ripac Labor - A Dopharma Company\",\"isPartOf\":{\"@id\":\"https:\\\/\\\/www.dopharma-ripac.com\\\/de\\\/#website\"},\"datePublished\":\"2022-04-13T08:53:27+00:00\",\"dateModified\":\"2026-03-10T12:54:32+00:00\",\"breadcrumb\":{\"@id\":\"https:\\\/\\\/www.dopharma-ripac.com\\\/service\\\/#breadcrumb\"},\"inLanguage\":\"de\",\"potentialAction\":[{\"@type\":\"ReadAction\",\"target\":[\"https:\\\/\\\/www.dopharma-ripac.com\\\/service\\\/\"]}]},{\"@type\":\"BreadcrumbList\",\"@id\":\"https:\\\/\\\/www.dopharma-ripac.com\\\/service\\\/#breadcrumb\",\"itemListElement\":[{\"@type\":\"ListItem\",\"position\":1,\"name\":\"Home\",\"item\":\"https:\\\/\\\/www.dopharma-ripac.com\\\/de\\\/\"},{\"@type\":\"ListItem\",\"position\":2,\"name\":\"Service\"}]},{\"@type\":\"WebSite\",\"@id\":\"https:\\\/\\\/www.dopharma-ripac.com\\\/de\\\/#website\",\"url\":\"https:\\\/\\\/www.dopharma-ripac.com\\\/de\\\/\",\"name\":\"Ripac Labor - A Dopharma Company\",\"description\":\"Tailored animal health solutions\",\"potentialAction\":[{\"@type\":\"SearchAction\",\"target\":{\"@type\":\"EntryPoint\",\"urlTemplate\":\"https:\\\/\\\/www.dopharma-ripac.com\\\/de\\\/?s={search_term_string}\"},\"query-input\":{\"@type\":\"PropertyValueSpecification\",\"valueRequired\":true,\"valueName\":\"search_term_string\"}}],\"inLanguage\":\"de\"}]}<\/script>\n<!-- \/ Yoast SEO plugin. -->","yoast_head_json":{"title":"Service - Ripac Labor - A Dopharma Company","robots":{"index":"index","follow":"follow","max-snippet":"max-snippet:-1","max-image-preview":"max-image-preview:large","max-video-preview":"max-video-preview:-1"},"canonical":"https:\/\/www.dopharma-ripac.com\/de\/service\/","og_locale":"de_DE","og_type":"article","og_title":"Service - Ripac Labor - A Dopharma Company","og_url":"https:\/\/www.dopharma-ripac.com\/de\/service\/","og_site_name":"Ripac Labor - A Dopharma Company","article_modified_time":"2026-03-10T12:54:32+00:00","twitter_card":"summary_large_image","twitter_misc":{"Gesch\u00e4tzte Lesezeit":"6\u00a0Minuten"},"schema":{"@context":"https:\/\/schema.org","@graph":[{"@type":"WebPage","@id":"https:\/\/www.dopharma-ripac.com\/service\/","url":"https:\/\/www.dopharma-ripac.com\/service\/","name":"Service - Ripac Labor - A Dopharma Company","isPartOf":{"@id":"https:\/\/www.dopharma-ripac.com\/de\/#website"},"datePublished":"2022-04-13T08:53:27+00:00","dateModified":"2026-03-10T12:54:32+00:00","breadcrumb":{"@id":"https:\/\/www.dopharma-ripac.com\/service\/#breadcrumb"},"inLanguage":"de","potentialAction":[{"@type":"ReadAction","target":["https:\/\/www.dopharma-ripac.com\/service\/"]}]},{"@type":"BreadcrumbList","@id":"https:\/\/www.dopharma-ripac.com\/service\/#breadcrumb","itemListElement":[{"@type":"ListItem","position":1,"name":"Home","item":"https:\/\/www.dopharma-ripac.com\/de\/"},{"@type":"ListItem","position":2,"name":"Service"}]},{"@type":"WebSite","@id":"https:\/\/www.dopharma-ripac.com\/de\/#website","url":"https:\/\/www.dopharma-ripac.com\/de\/","name":"Ripac Labor - A Dopharma Company","description":"Tailored animal health solutions","potentialAction":[{"@type":"SearchAction","target":{"@type":"EntryPoint","urlTemplate":"https:\/\/www.dopharma-ripac.com\/de\/?s={search_term_string}"},"query-input":{"@type":"PropertyValueSpecification","valueRequired":true,"valueName":"search_term_string"}}],"inLanguage":"de"}]}},"_links":{"self":[{"href":"https:\/\/www.dopharma-ripac.com\/de\/wp-json\/wp\/v2\/pages\/54","targetHints":{"allow":["GET"]}}],"collection":[{"href":"https:\/\/www.dopharma-ripac.com\/de\/wp-json\/wp\/v2\/pages"}],"about":[{"href":"https:\/\/www.dopharma-ripac.com\/de\/wp-json\/wp\/v2\/types\/page"}],"author":[{"embeddable":true,"href":"https:\/\/www.dopharma-ripac.com\/de\/wp-json\/wp\/v2\/users\/1"}],"replies":[{"embeddable":true,"href":"https:\/\/www.dopharma-ripac.com\/de\/wp-json\/wp\/v2\/comments?post=54"}],"version-history":[{"count":53,"href":"https:\/\/www.dopharma-ripac.com\/de\/wp-json\/wp\/v2\/pages\/54\/revisions"}],"predecessor-version":[{"id":815,"href":"https:\/\/www.dopharma-ripac.com\/de\/wp-json\/wp\/v2\/pages\/54\/revisions\/815"}],"wp:attachment":[{"href":"https:\/\/www.dopharma-ripac.com\/de\/wp-json\/wp\/v2\/media?parent=54"}],"curies":[{"name":"wp","href":"https:\/\/api.w.org\/{rel}","templated":true}]}}