{"id":48,"date":"2022-04-13T10:24:41","date_gmt":"2022-04-13T08:24:41","guid":{"rendered":"https:\/\/www.dopharma-ripac.com\/?page_id=48"},"modified":"2025-07-24T08:48:22","modified_gmt":"2025-07-24T06:48:22","slug":"about-us","status":"publish","type":"page","link":"https:\/\/www.dopharma-ripac.com\/de\/about-us\/","title":{"rendered":"\u00dcber uns"},"content":{"rendered":"<div class=\"banner has-hover\" id=\"banner-1221195409\">\n          <div class=\"banner-inner fill\">\n        <div class=\"banner-bg fill\" >\n            <img loading=\"lazy\" decoding=\"async\" width=\"1800\" height=\"600\" src=\"https:\/\/www.dopharma-ripac.com\/wp-content\/uploads\/2025\/05\/Header-Ripac-New-Build.jpg\" class=\"bg attachment-original size-original\" alt=\"\" \/>                        <div class=\"overlay\"><\/div>            \n                    <\/div>\n\t\t\n\t<div class=\"ux-shape-divider ux-shape-divider--bottom ux-shape-divider--style-curve-2-invert\">\n\t\t<svg viewbox=\"0 0 1000 100\" xmlns=\"http:\/\/www.w3.org\/2000\/svg\" preserveaspectratio=\"none\">\n\t<path class=\"ux-shape-fill\" d=\"M1000 100H0V4.71656C494.161 100.895 796.31 101.094 1000 5.31298V100Z\"\/>\n<\/svg>\n\t<\/div>\n        <div class=\"banner-layers container\">\n            <div class=\"fill banner-link\"><\/div>            \n   <div id=\"text-box-1118588742\" class=\"text-box banner-layer x5 md-x5 lg-x5 y50 md-y50 lg-y50 res-text\">\n                                <div class=\"text-box-content text dark\">\n              \n              <div class=\"text-inner text-center\">\n                  \n\t<div id=\"text-158509107\" class=\"text\">\n\t\t\n<h2><strong>Ripac-Labor<\/strong><\/h2>\n\t\t\n<style>\n#text-158509107 {\n  text-align: left;\n}\n<\/style>\n\t<\/div>\n\t\n              <\/div>\n           <\/div>\n                            \n<style>\n#text-box-1118588742 {\n  width: 60%;\n}\n#text-box-1118588742 .text-box-content {\n  font-size: 100%;\n}\n<\/style>\n    <\/div>\n \n        <\/div>\n      <\/div>\n\n            \n<style>\n#banner-1221195409 {\n  padding-top: 300px;\n}\n#banner-1221195409 .overlay {\n  background-color: rgba(0, 0, 0, 0.256);\n}\n#banner-1221195409 .banner-bg img {\n  object-position: 59% 67%;\n}\n#banner-1221195409 .ux-shape-divider--bottom svg {\n  height: 150px;\n  --divider-width: 144%;\n}\n#banner-1221195409 .ux-shape-divider--bottom .ux-shape-fill {\n  fill: rgb(234, 245, 249);\n}\n@media (min-width:550px) {\n  #banner-1221195409 {\n    padding-top: 600px;\n  }\n}\n<\/style>\n  <\/div>\n\n\n\n\t<section class=\"section\" id=\"section_1480750550\">\n\t\t<div class=\"section-bg fill\" >\n\t\t\t\t\t\t\t\t\t\n\t\t\t\n\n\t\t<\/div>\n\n\t\t\n\n\t\t<div class=\"section-content relative\">\n\t\t\t\n<div class=\"row\"  id=\"row-664573081\">\n\n\t<div id=\"col-1674665515\" class=\"col small-12 large-12\"  >\n\t\t\t\t<div class=\"col-inner\"  >\n\t\t\t\n\t\t\t\n<h2>RIPAC-LABOR \u2013 Erfahrung und Engagement<\/h2>\n<p class=\"translation-block\">Das RIPAC-LABOR ist ein Pionier auf seinem Gebiet: 2002 begannen wir, bestandsspezifische Impfstoffe herzustellen. Seit 2005 identifizieren wir als eines der ersten veterin\u00e4rmedizinischen Privatlabore in Deutschland Krankheitserreger mittels MALDI-TOF Massenspektrometrie (MS). Zur kontinuierlichen Verbesserung unserer Produkte und Dienstleistungen arbeiten wir in unseren <a href=\"\/de\/research\/\" target=\"_self\">Forschungsprojekten <\/a> international mit Experten zusammen.<\/p>\n<p>In den vergangenen Jahren haben wir unseren Blick geschult, unsere Verfahren verfeinert und eine umfangreiche Stammsammlung angelegt. Mit jedem neu identifizierten bakteriellen Erreger w\u00e4chst unsere MALDI-TOF MS Datenbank und liefert valide Ergebnisse f\u00fcr die Infektionsdiagnostik. Um nicht nur unsere Impfstoffe zu verbessern, sondern um auch den wachsenden Anspr\u00fcchen und Anforderungen an deren Herstellung gerecht zu werden, f\u00fchren wir ein GMP-konformes Qualit\u00e4tsmanagementsystem ein. Es erf\u00fcllt uns mit Stolz, hierf\u00fcr eine neue und hochmoderne Produktionsst\u00e4tte errichten zu k\u00f6nnen.<\/p>\n\t<div id=\"gap-1133433716\" class=\"gap-element clearfix\" style=\"display:block; height:auto;\">\n\t\t\n<style>\n#gap-1133433716 {\n  padding-top: 30px;\n}\n<\/style>\n\t<\/div>\n\t\n<div class=\"row align-middle\"  id=\"row-1344232755\">\n\n\t<div id=\"col-2023920579\" class=\"col medium-5 small-12 large-5 small-col-first\"  >\n\t\t\t\t<div class=\"col-inner\" style=\"background-color:rgb(255, 255, 255);\" >\n\t\t\t\n\t<div class=\"is-border\"\n\t\tstyle=\"border-width:0px 0px 0px 0px;\">\n\t<\/div>\n\t\t\t\n\t<div class=\"img has-hover lichtafgerond img x md-x lg-x y md-y lg-y\" id=\"image_1836312725\">\n\t\t\t\t\t\t\t\t<div class=\"img-inner dark\" >\n\t\t\t<img loading=\"lazy\" decoding=\"async\" width=\"1020\" height=\"730\" src=\"https:\/\/www.dopharma-ripac.com\/wp-content\/uploads\/2025\/07\/Dopharma_Still_20-excl-blue-filter-web.png\" class=\"attachment-large size-large\" alt=\"\" srcset=\"https:\/\/www.dopharma-ripac.com\/wp-content\/uploads\/2025\/07\/Dopharma_Still_20-excl-blue-filter-web.png 1030w, https:\/\/www.dopharma-ripac.com\/wp-content\/uploads\/2025\/07\/Dopharma_Still_20-excl-blue-filter-web-300x215.png 300w, https:\/\/www.dopharma-ripac.com\/wp-content\/uploads\/2025\/07\/Dopharma_Still_20-excl-blue-filter-web-768x550.png 768w, https:\/\/www.dopharma-ripac.com\/wp-content\/uploads\/2025\/07\/Dopharma_Still_20-excl-blue-filter-web-18x12.png 18w\" sizes=\"auto, (max-width: 1020px) 100vw, 1020px\" \/>\t\t\t\t\t\t\n\t\t\t\t\t<\/div>\n\t\t\t\t\t\t\t\t\n<style>\n#image_1836312725 {\n  width: 100%;\n}\n<\/style>\n\t<\/div>\n\t\n\t\t<\/div>\n\t\t\t\t\n<style>\n#col-2023920579 > .col-inner {\n  padding: 15px 15px 15px 15px;\n  margin: 0px 0px 0px 0px;\n  border-radius: 10px;\n}\n<\/style>\n\t<\/div>\n\n\t\n\n\t<div id=\"col-375969763\" class=\"col medium-7 small-12 large-7\"  >\n\t\t\t\t<div class=\"col-inner\"  >\n\t\t\t\n\t\t\t\n<h3><strong>RIPAC-LABOR \u2013 Daten und Fakten<\/strong><\/h3>\n<ul>\n<li>RI-PA-C:\u00a0<strong>Ri<\/strong>emerella, <strong>Pa<\/strong>steurella, <strong>C<\/strong>lostridien und Coli-Bakterien<\/li>\n<li>Ein breit aufgestelltes Team aus u. a. Tier\u00e4rzten, Biologen, Biochemikern, Agraringenieuren, VMTA, TMFA, MTA und BTA<\/li>\n<li>Expandierendes Unternehmen mit mehr als 40 Mitarbeitern<\/li>\n<li>\u00dcber 45.000 Bakterienisolate in der Stammsammlung<\/li>\n<\/ul>\n\t<div id=\"gap-834080079\" class=\"gap-element clearfix\" style=\"display:block; height:auto;\">\n\t\t\n<style>\n#gap-834080079 {\n  padding-top: 15px;\n}\n<\/style>\n\t<\/div>\n\t\n<ul>\n<li>2002: Gr\u00fcndung der RIPAC-LABOR GmbH<\/li>\n<li>2005: Einf\u00fchrung der MALDI-TOF Massenpsektrometrie f\u00fcr die veterin\u00e4rmedizinische Diagnostik<\/li>\n<li>2007: Ansiedlung im\u00a0<a href=\"https:\/\/potsdam-sciencepark.de\/\" target=\"_blank\" rel=\"noopener\">Potsdam Science Park<\/a><\/li>\n<li>2017:\u00a0<a href=\"https:\/\/www.dopharma.com\/de\/\" target=\"_blank\" rel=\"noopener\">Dopharma International B.V.<\/a>\u00a0als Mitgesellschafter<\/li>\n<li>2020: Einf\u00fchrung der Marke <a href=\"http:\/\/www.dophavacc.com\">Dophavacc\u00ae<\/a><\/li>\n<li>2021: Tochterunternehmen der DOPHARMA International B.V.<\/li>\n<li>2025: Offizieller Start des <a href=\"\/de\/new-build\/\">Neubauprojekts<\/a><\/li>\n<\/ul>\n\t\t<\/div>\n\t\t\t\t\t<\/div>\n\n\t\n<\/div>\n\t\t<\/div>\n\t\t\t\t\t<\/div>\n\n\t\n<\/div>\n\t\t<\/div>\n\n\t\t\n<style>\n#section_1480750550 {\n  padding-top: 30px;\n  padding-bottom: 30px;\n  background-color: rgb(234, 245, 249);\n}\n<\/style>\n\t<\/section>","protected":false},"excerpt":{"rendered":"","protected":false},"author":1,"featured_media":0,"parent":0,"menu_order":0,"comment_status":"closed","ping_status":"closed","template":"page-blank.php","meta":{"footnotes":""},"class_list":["post-48","page","type-page","status-publish","hentry"],"yoast_head":"<!-- This site is optimized with the Yoast SEO plugin v27.3 - https:\/\/yoast.com\/product\/yoast-seo-wordpress\/ -->\n<title>About us - Ripac Labor - A Dopharma Company<\/title>\n<meta name=\"robots\" content=\"index, follow, max-snippet:-1, max-image-preview:large, max-video-preview:-1\" \/>\n<link rel=\"canonical\" href=\"https:\/\/www.dopharma-ripac.com\/de\/about-us\/\" \/>\n<meta property=\"og:locale\" content=\"de_DE\" \/>\n<meta property=\"og:type\" content=\"article\" \/>\n<meta property=\"og:title\" content=\"About us - Ripac Labor - A Dopharma Company\" \/>\n<meta property=\"og:url\" content=\"https:\/\/www.dopharma-ripac.com\/de\/about-us\/\" \/>\n<meta property=\"og:site_name\" content=\"Ripac Labor - A Dopharma Company\" \/>\n<meta property=\"article:modified_time\" content=\"2025-07-24T06:48:22+00:00\" \/>\n<meta name=\"twitter:card\" content=\"summary_large_image\" \/>\n<meta name=\"twitter:label1\" content=\"Gesch\u00e4tzte Lesezeit\" \/>\n\t<meta name=\"twitter:data1\" content=\"4\u00a0Minuten\" \/>\n<script type=\"application\/ld+json\" class=\"yoast-schema-graph\">{\"@context\":\"https:\\\/\\\/schema.org\",\"@graph\":[{\"@type\":\"WebPage\",\"@id\":\"https:\\\/\\\/www.dopharma-ripac.com\\\/en\\\/about-us\\\/\",\"url\":\"https:\\\/\\\/www.dopharma-ripac.com\\\/en\\\/about-us\\\/\",\"name\":\"About us - Ripac Labor - A Dopharma Company\",\"isPartOf\":{\"@id\":\"https:\\\/\\\/www.dopharma-ripac.com\\\/de\\\/#website\"},\"datePublished\":\"2022-04-13T08:24:41+00:00\",\"dateModified\":\"2025-07-24T06:48:22+00:00\",\"breadcrumb\":{\"@id\":\"https:\\\/\\\/www.dopharma-ripac.com\\\/en\\\/about-us\\\/#breadcrumb\"},\"inLanguage\":\"de\",\"potentialAction\":[{\"@type\":\"ReadAction\",\"target\":[\"https:\\\/\\\/www.dopharma-ripac.com\\\/en\\\/about-us\\\/\"]}]},{\"@type\":\"BreadcrumbList\",\"@id\":\"https:\\\/\\\/www.dopharma-ripac.com\\\/en\\\/about-us\\\/#breadcrumb\",\"itemListElement\":[{\"@type\":\"ListItem\",\"position\":1,\"name\":\"Home\",\"item\":\"https:\\\/\\\/www.dopharma-ripac.com\\\/de\\\/\"},{\"@type\":\"ListItem\",\"position\":2,\"name\":\"About us\"}]},{\"@type\":\"WebSite\",\"@id\":\"https:\\\/\\\/www.dopharma-ripac.com\\\/de\\\/#website\",\"url\":\"https:\\\/\\\/www.dopharma-ripac.com\\\/de\\\/\",\"name\":\"Ripac Labor - A Dopharma Company\",\"description\":\"Tailored animal health solutions\",\"potentialAction\":[{\"@type\":\"SearchAction\",\"target\":{\"@type\":\"EntryPoint\",\"urlTemplate\":\"https:\\\/\\\/www.dopharma-ripac.com\\\/de\\\/?s={search_term_string}\"},\"query-input\":{\"@type\":\"PropertyValueSpecification\",\"valueRequired\":true,\"valueName\":\"search_term_string\"}}],\"inLanguage\":\"de\"}]}<\/script>\n<!-- \/ Yoast SEO plugin. -->","yoast_head_json":{"title":"About us - Ripac Labor - A Dopharma Company","robots":{"index":"index","follow":"follow","max-snippet":"max-snippet:-1","max-image-preview":"max-image-preview:large","max-video-preview":"max-video-preview:-1"},"canonical":"https:\/\/www.dopharma-ripac.com\/de\/about-us\/","og_locale":"de_DE","og_type":"article","og_title":"About us - Ripac Labor - A Dopharma Company","og_url":"https:\/\/www.dopharma-ripac.com\/de\/about-us\/","og_site_name":"Ripac Labor - A Dopharma Company","article_modified_time":"2025-07-24T06:48:22+00:00","twitter_card":"summary_large_image","twitter_misc":{"Gesch\u00e4tzte Lesezeit":"4\u00a0Minuten"},"schema":{"@context":"https:\/\/schema.org","@graph":[{"@type":"WebPage","@id":"https:\/\/www.dopharma-ripac.com\/en\/about-us\/","url":"https:\/\/www.dopharma-ripac.com\/en\/about-us\/","name":"About us - Ripac Labor - A Dopharma Company","isPartOf":{"@id":"https:\/\/www.dopharma-ripac.com\/de\/#website"},"datePublished":"2022-04-13T08:24:41+00:00","dateModified":"2025-07-24T06:48:22+00:00","breadcrumb":{"@id":"https:\/\/www.dopharma-ripac.com\/en\/about-us\/#breadcrumb"},"inLanguage":"de","potentialAction":[{"@type":"ReadAction","target":["https:\/\/www.dopharma-ripac.com\/en\/about-us\/"]}]},{"@type":"BreadcrumbList","@id":"https:\/\/www.dopharma-ripac.com\/en\/about-us\/#breadcrumb","itemListElement":[{"@type":"ListItem","position":1,"name":"Home","item":"https:\/\/www.dopharma-ripac.com\/de\/"},{"@type":"ListItem","position":2,"name":"About us"}]},{"@type":"WebSite","@id":"https:\/\/www.dopharma-ripac.com\/de\/#website","url":"https:\/\/www.dopharma-ripac.com\/de\/","name":"Ripac Labor - A Dopharma Company","description":"Tailored animal health solutions","potentialAction":[{"@type":"SearchAction","target":{"@type":"EntryPoint","urlTemplate":"https:\/\/www.dopharma-ripac.com\/de\/?s={search_term_string}"},"query-input":{"@type":"PropertyValueSpecification","valueRequired":true,"valueName":"search_term_string"}}],"inLanguage":"de"}]}},"_links":{"self":[{"href":"https:\/\/www.dopharma-ripac.com\/de\/wp-json\/wp\/v2\/pages\/48","targetHints":{"allow":["GET"]}}],"collection":[{"href":"https:\/\/www.dopharma-ripac.com\/de\/wp-json\/wp\/v2\/pages"}],"about":[{"href":"https:\/\/www.dopharma-ripac.com\/de\/wp-json\/wp\/v2\/types\/page"}],"author":[{"embeddable":true,"href":"https:\/\/www.dopharma-ripac.com\/de\/wp-json\/wp\/v2\/users\/1"}],"replies":[{"embeddable":true,"href":"https:\/\/www.dopharma-ripac.com\/de\/wp-json\/wp\/v2\/comments?post=48"}],"version-history":[{"count":35,"href":"https:\/\/www.dopharma-ripac.com\/de\/wp-json\/wp\/v2\/pages\/48\/revisions"}],"predecessor-version":[{"id":749,"href":"https:\/\/www.dopharma-ripac.com\/de\/wp-json\/wp\/v2\/pages\/48\/revisions\/749"}],"wp:attachment":[{"href":"https:\/\/www.dopharma-ripac.com\/de\/wp-json\/wp\/v2\/media?parent=48"}],"curies":[{"name":"wp","href":"https:\/\/api.w.org\/{rel}","templated":true}]}}