{"id":38,"date":"2022-04-07T14:46:21","date_gmt":"2022-04-07T12:46:21","guid":{"rendered":"https:\/\/www.dopharma-ripac.com\/?page_id=38"},"modified":"2025-07-04T08:32:08","modified_gmt":"2025-07-04T06:32:08","slug":"diagnostics","status":"publish","type":"page","link":"https:\/\/www.dopharma-ripac.com\/de\/diagnostics\/","title":{"rendered":"Diagnostik"},"content":{"rendered":"<div class=\"banner has-hover\" id=\"banner-38533915\">\n          <div class=\"banner-inner fill\">\n        <div class=\"banner-bg fill\" >\n            <img loading=\"lazy\" decoding=\"async\" width=\"380\" height=\"380\" src=\"https:\/\/www.dopharma-ripac.com\/wp-content\/uploads\/2022\/04\/csm_ripac-labor-start_117be4d65e_380.jpg\" class=\"bg attachment-large size-large\" alt=\"\" \/>                        <div class=\"overlay\"><\/div>            \n                    <\/div>\n\t\t\n\t<div class=\"ux-shape-divider ux-shape-divider--bottom ux-shape-divider--style-curve-2-invert\">\n\t\t<svg viewbox=\"0 0 1000 100\" xmlns=\"http:\/\/www.w3.org\/2000\/svg\" preserveaspectratio=\"none\">\n\t<path class=\"ux-shape-fill\" d=\"M1000 100H0V4.71656C494.161 100.895 796.31 101.094 1000 5.31298V100Z\"\/>\n<\/svg>\n\t<\/div>\n        <div class=\"banner-layers container\">\n            <div class=\"fill banner-link\"><\/div>            \n   <div id=\"text-box-1956601615\" class=\"text-box banner-layer x5 md-x5 lg-x5 y50 md-y50 lg-y50 res-text\">\n                                <div class=\"text-box-content text dark\">\n              \n              <div class=\"text-inner text-center\">\n                  \n\t<div id=\"text-2587857665\" class=\"text\">\n\t\t\n<h2><strong>Diagnostik<\/strong><\/h2>\n<h3>Krankheitserreger zweifelsfrei identifizieren<\/h3>\n\t\t\n<style>\n#text-2587857665 {\n  text-align: left;\n}\n<\/style>\n\t<\/div>\n\t\n              <\/div>\n           <\/div>\n                            \n<style>\n#text-box-1956601615 {\n  width: 60%;\n}\n#text-box-1956601615 .text-box-content {\n  font-size: 100%;\n}\n<\/style>\n    <\/div>\n \n        <\/div>\n      <\/div>\n\n            \n<style>\n#banner-38533915 {\n  padding-top: 300px;\n}\n#banner-38533915 .overlay {\n  background-color: rgba(0, 0, 0, 0.256);\n}\n#banner-38533915 .banner-bg img {\n  object-position: 100% 45%;\n}\n#banner-38533915 .ux-shape-divider--bottom svg {\n  height: 150px;\n  --divider-width: 144%;\n}\n@media (min-width:550px) {\n  #banner-38533915 {\n    padding-top: 600px;\n  }\n}\n<\/style>\n  <\/div>\n\n\n\n\t<section class=\"section\" id=\"section_842988954\">\n\t\t<div class=\"section-bg fill\" >\n\t\t\t\t\t\t\t\t\t\n\t\t\t\n\n\t\t<\/div>\n\n\t\t\n\n\t\t<div class=\"section-content relative\">\n\t\t\t\n<div class=\"row\"  id=\"row-1500813372\">\n\n\t<div id=\"col-550450649\" class=\"col small-12 large-12\"  >\n\t\t\t\t<div class=\"col-inner\"  >\n\t\t\t\n\t\t\t\n\t<div id=\"text-474438538\" class=\"text\">\n\t\t\n<div id=\"av_section_1\" class=\"avia-section av-bm8cu-d5019e2ad6de744c559d0d7180b9d327 main_color avia-section-default avia-no-border-styling  avia-builder-el-1  el_after_av_slideshow_full  el_before_av_section  avia-bg-style-scroll container_wrap fullsize\">\n<div class=\"container av-section-cont-open\">\n<div class=\"template-page content  av-content-full alpha units\">\n<div class=\"post-entry post-entry-type-page post-entry-38\">\n<div class=\"entry-content-wrapper clearfix\">\n<div class=\"flex_column av-av77i-99c383bc291a8b171af54aaa2bf23a17 av_one_full  avia-builder-el-2  avia-builder-el-no-sibling  first flex_column_div\">\n<section class=\"av_textblock_section av-l1ozrknb-89723202371961af862f6a318eab7652\">\n<div class=\"avia_textblock\">\n<h2>Diagnostik \u2013 Hightech und Know-how<\/h2>\n<div id=\"av_section_2\" class=\"avia-section av-2kh4a-f1b01aad87b896029fb18b08bb098c28 main_color avia-section-default avia-no-border-styling  avia-builder-el-4  el_after_av_section  el_before_av_section  avia-bg-style-scroll container_wrap fullsize\">\n<div class=\"container av-section-cont-open\">\n<div class=\"template-page content  av-content-full alpha units\">\n<div class=\"post-entry post-entry-type-page post-entry-38\">\n<div class=\"entry-content-wrapper clearfix\">\n<div class=\"flex_column av-1wa7i-065726811b70710946abe7b01c3a3e15 av_one_full  avia-builder-el-5  avia-builder-el-no-sibling  first flex_column_div\">\n<section class=\"av_textblock_section av-lacdwckk-5194224c95cb321c5f4221979a31fd36\">\n<div class=\"avia_textblock\">\n<p>Die Grundlage eines wirksamen Bestandsimpfstoffes ist seine Zusammensetzung basierend auf eindeutig identifizierten und umfassend charakterisierten Antigenen. Hierf\u00fcr bietet das RIPAC-LABOR sein breites Untersuchungsspektrum an.<\/p>\n<\/div>\n<\/section>\n<\/div>\n<\/div>\n<\/div>\n<\/div>\n<\/div>\n<\/div>\n<\/div>\n<\/section>\n<\/div>\n<\/div>\n<\/div>\n<\/div>\n<\/div>\n<\/div>\n\t\t\n<style>\n#text-474438538 {\n  text-align: center;\n}\n<\/style>\n\t<\/div>\n\t\n\t\t<\/div>\n\t\t\t\t\t<\/div>\n\n\t\n<\/div>\n\t\t<\/div>\n\n\t\t\n<style>\n#section_842988954 {\n  padding-top: 30px;\n  padding-bottom: 30px;\n}\n<\/style>\n\t<\/section>\n\t\n\n\t<section class=\"section\" id=\"section_441645902\">\n\t\t<div class=\"section-bg fill\" >\n\t\t\t\t\t\t\t\t\t\n\t\t\t\n\n\t\t<\/div>\n\n\t\t\n\n\t\t<div class=\"section-content relative\">\n\t\t\t\n<div class=\"row align-middle\"  id=\"row-2139070407\">\n\n\t<div id=\"col-87061033\" class=\"col medium-7 small-12 large-7\"  >\n\t\t\t\t<div class=\"col-inner\"  >\n\t\t\t\n\t\t\t\n<h3><strong>Diagnostisches Portfolio des RIPAC-LABORs<\/strong><\/h3>\n<ul>\n<li>Pathologisch-anatomische Untersuchungen<\/li>\n<li>Bakteriologie<\/li>\n<li>Mykologie<\/li>\n<li>Virologie<\/li>\n<li>Parasitologie<\/li>\n<li>Molekularbiologie<\/li>\n<li>MALDI-TOF MS<\/li>\n<li>Antibiotika-Resistenztest (T\u00c4HAV u.a.)<\/li>\n<li>Serologische Testreagenzien<\/li>\n<\/ul>\n<p>Im RIPAC-LABOR untersuchen wir Ihre Proben auf pathogene Infektionserreger und deren Virulenzfaktoren, so zum Beispiel bei Enterobakterien (APEC, EPEC, ESBL \u2026) oder Clostridien-Spezies einschlie\u00dflich <em>Clostridium botulinum<\/em>\u00a0und seine Neurotoxine.<\/p>\n\t\t<\/div>\n\t\t\t\t\t<\/div>\n\n\t\n\n\t<div id=\"col-989188891\" class=\"col medium-5 small-12 large-5 small-col-first\"  >\n\t\t\t\t<div class=\"col-inner\" style=\"background-color:rgb(255, 255, 255);\" >\n\t\t\t\n\t<div class=\"is-border\"\n\t\tstyle=\"border-width:0px 0px 0px 0px;\">\n\t<\/div>\n\t\t\t\n\t<div class=\"img has-hover lichtafgerond img x md-x lg-x y md-y lg-y\" id=\"image_101392312\">\n\t\t\t\t\t\t\t\t<div class=\"img-inner dark\" >\n\t\t\t<img loading=\"lazy\" decoding=\"async\" width=\"1020\" height=\"730\" src=\"https:\/\/www.dopharma-ripac.com\/wp-content\/uploads\/2025\/07\/Dopharma_Still_80-excl-blue-filter-web-flipped.png\" class=\"attachment-large size-large\" alt=\"\" srcset=\"https:\/\/www.dopharma-ripac.com\/wp-content\/uploads\/2025\/07\/Dopharma_Still_80-excl-blue-filter-web-flipped.png 1030w, https:\/\/www.dopharma-ripac.com\/wp-content\/uploads\/2025\/07\/Dopharma_Still_80-excl-blue-filter-web-flipped-300x215.png 300w, https:\/\/www.dopharma-ripac.com\/wp-content\/uploads\/2025\/07\/Dopharma_Still_80-excl-blue-filter-web-flipped-768x550.png 768w, https:\/\/www.dopharma-ripac.com\/wp-content\/uploads\/2025\/07\/Dopharma_Still_80-excl-blue-filter-web-flipped-18x12.png 18w\" sizes=\"auto, (max-width: 1020px) 100vw, 1020px\" \/>\t\t\t\t\t\t\n\t\t\t\t\t<\/div>\n\t\t\t\t\t\t\t\t\n<style>\n#image_101392312 {\n  width: 100%;\n}\n<\/style>\n\t<\/div>\n\t\n\t\t<\/div>\n\t\t\t\t\n<style>\n#col-989188891 > .col-inner {\n  padding: 15px 15px 15px 15px;\n  margin: 0px 0px 0px 0px;\n  border-radius: 10px;\n}\n<\/style>\n\t<\/div>\n\n\t\n<\/div>\n\t<div id=\"gap-124581173\" class=\"gap-element clearfix\" style=\"display:block; height:auto;\">\n\t\t\n<style>\n#gap-124581173 {\n  padding-top: 30px;\n}\n<\/style>\n\t<\/div>\n\t\n<div class=\"row align-middle\"  id=\"row-353779580\">\n\n\t<div id=\"col-1381206885\" class=\"col medium-5 small-12 large-5 small-col-first\"  >\n\t\t\t\t<div class=\"col-inner\" style=\"background-color:rgb(255, 255, 255);\" >\n\t\t\t\n\t<div class=\"is-border\"\n\t\tstyle=\"border-width:0px 0px 0px 0px;\">\n\t<\/div>\n\t\t\t\n\t<div class=\"img has-hover lichtafgerond img x md-x lg-x y md-y lg-y\" id=\"image_369816119\">\n\t\t\t\t\t\t\t\t<div class=\"img-inner dark\" >\n\t\t\t<img loading=\"lazy\" decoding=\"async\" width=\"1020\" height=\"730\" src=\"https:\/\/www.dopharma-ripac.com\/wp-content\/uploads\/2025\/07\/Dopharma_Still_30-excl-blue-filter-web.png\" class=\"attachment-large size-large\" alt=\"\" srcset=\"https:\/\/www.dopharma-ripac.com\/wp-content\/uploads\/2025\/07\/Dopharma_Still_30-excl-blue-filter-web.png 1030w, https:\/\/www.dopharma-ripac.com\/wp-content\/uploads\/2025\/07\/Dopharma_Still_30-excl-blue-filter-web-300x215.png 300w, https:\/\/www.dopharma-ripac.com\/wp-content\/uploads\/2025\/07\/Dopharma_Still_30-excl-blue-filter-web-768x550.png 768w, https:\/\/www.dopharma-ripac.com\/wp-content\/uploads\/2025\/07\/Dopharma_Still_30-excl-blue-filter-web-18x12.png 18w\" sizes=\"auto, (max-width: 1020px) 100vw, 1020px\" \/>\t\t\t\t\t\t\n\t\t\t\t\t<\/div>\n\t\t\t\t\t\t\t\t\n<style>\n#image_369816119 {\n  width: 100%;\n}\n<\/style>\n\t<\/div>\n\t\n\t\t<\/div>\n\t\t\t\t\n<style>\n#col-1381206885 > .col-inner {\n  padding: 15px 15px 15px 15px;\n  margin: 0px 0px 0px 0px;\n  border-radius: 10px;\n}\n<\/style>\n\t<\/div>\n\n\t\n\n\t<div id=\"col-388090636\" class=\"col medium-7 small-12 large-7\"  >\n\t\t\t\t<div class=\"col-inner\"  >\n\t\t\t\n\t\t\t\n<h3><strong>MALDI-TOF Massenspektrometrie<\/strong><\/h3>\n<p>Bei der Identifikation von Mikroorganismen ist das RIPAC-LABOR schnell und pr\u00e4zise. Mit geschultem Blick kann unser Diagnostik-Team schon anhand von morphologischen Kennzeichen den Erreger eingrenzen.<\/p>\n<p>Gewissheit bringt die MALDI-TOF Massenspektrometrie. Sie macht das einzigartige Proteinmassen-Spektrum eines Erregers sichtbar und vergleicht es mit den Referenzspektren in unserer umfangreichen Datenbank. So lassen sich Mikroorganismen innerhalb kurzer Zeit eindeutig bestimmen.<\/p>\n<p>Je mehr Vergleichsspektren die zugrundeliegende Datenbank enth\u00e4lt, desto besser funktioniert das Verfahren. Als eines der ersten Labore, die diese Technologie f\u00fcr veterin\u00e4rmedizinische Zwecke eingesetzt haben, k\u00f6nnen wir heute auf mehrere zehntausend relevante Referenzspektren zugreifen \u2013 und es werden t\u00e4glich mehr.<\/p>\n<p>Zur Identifikation m\u00fcssen die Erreger in einer Kultur vorliegen. Daf\u00fcr haben wir im Laufe der Jahre spezielle Anzuchtmethoden und Anreicherungsverfahren entwickelt. Die effiziente und zuverl\u00e4ssige Diagnostik des RIPAC-LABORs resultiert aus dem Zusammenspiel von Hightech, Spezialwissen und langj\u00e4hriger Erfahrung.<\/p>\n\t\t<\/div>\n\t\t\t\t\t<\/div>\n\n\t\n<\/div>\n\t<div id=\"gap-265772439\" class=\"gap-element clearfix\" style=\"display:block; height:auto;\">\n\t\t\n<style>\n#gap-265772439 {\n  padding-top: 30px;\n}\n<\/style>\n\t<\/div>\n\t\n<div class=\"row align-middle\"  id=\"row-1939618316\">\n\n\t<div id=\"col-1039184005\" class=\"col medium-7 small-12 large-7\"  >\n\t\t\t\t<div class=\"col-inner\"  >\n\t\t\t\n\t\t\t\n<h3><strong>Serologische und molekularbiologische Untersuchungen<\/strong><\/h3>\n<p>Unsere polyklonalen Agglutinationsseren erfassen im Schnelltest zielgerichtet die gesuchten bakteriellen Antigene, so dass Infektionserreger mittels Objekttr\u00e4ger-Agglutinationen typisiert werden k\u00f6nnen. Anhand spezifischer Antigen-Antik\u00f6rper-Reaktionen lassen sich im ELISA auch subklinische Infektionen im Blut der Tiere und somit im Bestand nachweisen. Weiterhin setzen wir PCR und qPCR zur Charakterisierung von Isolaten ein, um deren Virulenzfaktoren wie Kapsel-, Sero- oder Toxintypen zu bestimmen.<\/p>\n\t\t<\/div>\n\t\t\t\t\t<\/div>\n\n\t\n\n\t<div id=\"col-531410949\" class=\"col medium-5 small-12 large-5 small-col-first\"  >\n\t\t\t\t<div class=\"col-inner\" style=\"background-color:rgb(255, 255, 255);\" >\n\t\t\t\n\t<div class=\"is-border\"\n\t\tstyle=\"border-width:0px 0px 0px 0px;\">\n\t<\/div>\n\t\t\t\n\t<div class=\"img has-hover lichtafgerond img x md-x lg-x y md-y lg-y\" id=\"image_546495444\">\n\t\t\t\t\t\t\t\t<div class=\"img-inner dark\" >\n\t\t\t<img loading=\"lazy\" decoding=\"async\" width=\"1020\" height=\"730\" src=\"https:\/\/www.dopharma-ripac.com\/wp-content\/uploads\/2025\/07\/Dopharma_Still_40-excl-blue-filter-web.png\" class=\"attachment-large size-large\" alt=\"\" srcset=\"https:\/\/www.dopharma-ripac.com\/wp-content\/uploads\/2025\/07\/Dopharma_Still_40-excl-blue-filter-web.png 1030w, https:\/\/www.dopharma-ripac.com\/wp-content\/uploads\/2025\/07\/Dopharma_Still_40-excl-blue-filter-web-300x215.png 300w, https:\/\/www.dopharma-ripac.com\/wp-content\/uploads\/2025\/07\/Dopharma_Still_40-excl-blue-filter-web-768x550.png 768w, https:\/\/www.dopharma-ripac.com\/wp-content\/uploads\/2025\/07\/Dopharma_Still_40-excl-blue-filter-web-18x12.png 18w\" sizes=\"auto, (max-width: 1020px) 100vw, 1020px\" \/>\t\t\t\t\t\t\n\t\t\t\t\t<\/div>\n\t\t\t\t\t\t\t\t\n<style>\n#image_546495444 {\n  width: 100%;\n}\n<\/style>\n\t<\/div>\n\t\n\t\t<\/div>\n\t\t\t\t\n<style>\n#col-531410949 > .col-inner {\n  padding: 15px 15px 15px 15px;\n  margin: 0px 0px 0px 0px;\n  border-radius: 10px;\n}\n<\/style>\n\t<\/div>\n\n\t\n<\/div>\n\t\t<\/div>\n\n\t\t\n<style>\n#section_441645902 {\n  padding-top: 30px;\n  padding-bottom: 30px;\n  background-color: rgb(234, 245, 249);\n}\n<\/style>\n\t<\/section>","protected":false},"excerpt":{"rendered":"","protected":false},"author":1,"featured_media":0,"parent":0,"menu_order":0,"comment_status":"closed","ping_status":"closed","template":"page-blank.php","meta":{"footnotes":""},"class_list":["post-38","page","type-page","status-publish","hentry"],"yoast_head":"<!-- This site is optimized with the Yoast SEO plugin v27.3 - https:\/\/yoast.com\/product\/yoast-seo-wordpress\/ -->\n<title>Diagnostics - Ripac Labor - A Dopharma Company<\/title>\n<meta name=\"robots\" content=\"index, follow, max-snippet:-1, max-image-preview:large, max-video-preview:-1\" \/>\n<link rel=\"canonical\" href=\"https:\/\/www.dopharma-ripac.com\/de\/diagnostics\/\" \/>\n<meta property=\"og:locale\" content=\"de_DE\" \/>\n<meta property=\"og:type\" content=\"article\" \/>\n<meta property=\"og:title\" content=\"Diagnostics - Ripac Labor - A Dopharma Company\" \/>\n<meta property=\"og:url\" content=\"https:\/\/www.dopharma-ripac.com\/de\/diagnostics\/\" \/>\n<meta property=\"og:site_name\" content=\"Ripac Labor - A Dopharma Company\" \/>\n<meta property=\"article:modified_time\" content=\"2025-07-04T06:32:08+00:00\" \/>\n<meta name=\"twitter:card\" content=\"summary_large_image\" \/>\n<meta name=\"twitter:label1\" content=\"Gesch\u00e4tzte Lesezeit\" \/>\n\t<meta name=\"twitter:data1\" content=\"9\u00a0Minuten\" \/>\n<script type=\"application\/ld+json\" class=\"yoast-schema-graph\">{\"@context\":\"https:\\\/\\\/schema.org\",\"@graph\":[{\"@type\":\"WebPage\",\"@id\":\"https:\\\/\\\/www.dopharma-ripac.com\\\/en\\\/diagnostics\\\/\",\"url\":\"https:\\\/\\\/www.dopharma-ripac.com\\\/en\\\/diagnostics\\\/\",\"name\":\"Diagnostics - Ripac Labor - A Dopharma Company\",\"isPartOf\":{\"@id\":\"https:\\\/\\\/www.dopharma-ripac.com\\\/de\\\/#website\"},\"datePublished\":\"2022-04-07T12:46:21+00:00\",\"dateModified\":\"2025-07-04T06:32:08+00:00\",\"breadcrumb\":{\"@id\":\"https:\\\/\\\/www.dopharma-ripac.com\\\/en\\\/diagnostics\\\/#breadcrumb\"},\"inLanguage\":\"de\",\"potentialAction\":[{\"@type\":\"ReadAction\",\"target\":[\"https:\\\/\\\/www.dopharma-ripac.com\\\/en\\\/diagnostics\\\/\"]}]},{\"@type\":\"BreadcrumbList\",\"@id\":\"https:\\\/\\\/www.dopharma-ripac.com\\\/en\\\/diagnostics\\\/#breadcrumb\",\"itemListElement\":[{\"@type\":\"ListItem\",\"position\":1,\"name\":\"Home\",\"item\":\"https:\\\/\\\/www.dopharma-ripac.com\\\/de\\\/\"},{\"@type\":\"ListItem\",\"position\":2,\"name\":\"Diagnostics\"}]},{\"@type\":\"WebSite\",\"@id\":\"https:\\\/\\\/www.dopharma-ripac.com\\\/de\\\/#website\",\"url\":\"https:\\\/\\\/www.dopharma-ripac.com\\\/de\\\/\",\"name\":\"Ripac Labor - A Dopharma Company\",\"description\":\"Tailored animal health solutions\",\"potentialAction\":[{\"@type\":\"SearchAction\",\"target\":{\"@type\":\"EntryPoint\",\"urlTemplate\":\"https:\\\/\\\/www.dopharma-ripac.com\\\/de\\\/?s={search_term_string}\"},\"query-input\":{\"@type\":\"PropertyValueSpecification\",\"valueRequired\":true,\"valueName\":\"search_term_string\"}}],\"inLanguage\":\"de\"}]}<\/script>\n<!-- \/ Yoast SEO plugin. -->","yoast_head_json":{"title":"Diagnostics - Ripac Labor - A Dopharma Company","robots":{"index":"index","follow":"follow","max-snippet":"max-snippet:-1","max-image-preview":"max-image-preview:large","max-video-preview":"max-video-preview:-1"},"canonical":"https:\/\/www.dopharma-ripac.com\/de\/diagnostics\/","og_locale":"de_DE","og_type":"article","og_title":"Diagnostics - Ripac Labor - A Dopharma Company","og_url":"https:\/\/www.dopharma-ripac.com\/de\/diagnostics\/","og_site_name":"Ripac Labor - A Dopharma Company","article_modified_time":"2025-07-04T06:32:08+00:00","twitter_card":"summary_large_image","twitter_misc":{"Gesch\u00e4tzte Lesezeit":"9\u00a0Minuten"},"schema":{"@context":"https:\/\/schema.org","@graph":[{"@type":"WebPage","@id":"https:\/\/www.dopharma-ripac.com\/en\/diagnostics\/","url":"https:\/\/www.dopharma-ripac.com\/en\/diagnostics\/","name":"Diagnostics - Ripac Labor - A Dopharma Company","isPartOf":{"@id":"https:\/\/www.dopharma-ripac.com\/de\/#website"},"datePublished":"2022-04-07T12:46:21+00:00","dateModified":"2025-07-04T06:32:08+00:00","breadcrumb":{"@id":"https:\/\/www.dopharma-ripac.com\/en\/diagnostics\/#breadcrumb"},"inLanguage":"de","potentialAction":[{"@type":"ReadAction","target":["https:\/\/www.dopharma-ripac.com\/en\/diagnostics\/"]}]},{"@type":"BreadcrumbList","@id":"https:\/\/www.dopharma-ripac.com\/en\/diagnostics\/#breadcrumb","itemListElement":[{"@type":"ListItem","position":1,"name":"Home","item":"https:\/\/www.dopharma-ripac.com\/de\/"},{"@type":"ListItem","position":2,"name":"Diagnostics"}]},{"@type":"WebSite","@id":"https:\/\/www.dopharma-ripac.com\/de\/#website","url":"https:\/\/www.dopharma-ripac.com\/de\/","name":"Ripac Labor - A Dopharma Company","description":"Tailored animal health solutions","potentialAction":[{"@type":"SearchAction","target":{"@type":"EntryPoint","urlTemplate":"https:\/\/www.dopharma-ripac.com\/de\/?s={search_term_string}"},"query-input":{"@type":"PropertyValueSpecification","valueRequired":true,"valueName":"search_term_string"}}],"inLanguage":"de"}]}},"_links":{"self":[{"href":"https:\/\/www.dopharma-ripac.com\/de\/wp-json\/wp\/v2\/pages\/38","targetHints":{"allow":["GET"]}}],"collection":[{"href":"https:\/\/www.dopharma-ripac.com\/de\/wp-json\/wp\/v2\/pages"}],"about":[{"href":"https:\/\/www.dopharma-ripac.com\/de\/wp-json\/wp\/v2\/types\/page"}],"author":[{"embeddable":true,"href":"https:\/\/www.dopharma-ripac.com\/de\/wp-json\/wp\/v2\/users\/1"}],"replies":[{"embeddable":true,"href":"https:\/\/www.dopharma-ripac.com\/de\/wp-json\/wp\/v2\/comments?post=38"}],"version-history":[{"count":34,"href":"https:\/\/www.dopharma-ripac.com\/de\/wp-json\/wp\/v2\/pages\/38\/revisions"}],"predecessor-version":[{"id":732,"href":"https:\/\/www.dopharma-ripac.com\/de\/wp-json\/wp\/v2\/pages\/38\/revisions\/732"}],"wp:attachment":[{"href":"https:\/\/www.dopharma-ripac.com\/de\/wp-json\/wp\/v2\/media?parent=38"}],"curies":[{"name":"wp","href":"https:\/\/api.w.org\/{rel}","templated":true}]}}