{"id":223,"date":"2022-07-26T16:52:08","date_gmt":"2022-07-26T14:52:08","guid":{"rendered":"http:\/\/www.dopharma-ripac.com\/?page_id=223"},"modified":"2025-05-07T13:58:42","modified_gmt":"2025-05-07T11:58:42","slug":"careers","status":"publish","type":"page","link":"https:\/\/www.dopharma-ripac.com\/de\/careers\/","title":{"rendered":"Karriere"},"content":{"rendered":"<div class=\"banner has-hover\" id=\"banner-330452142\">\n          <div class=\"banner-inner fill\">\n        <div class=\"banner-bg fill\" >\n            <img loading=\"lazy\" decoding=\"async\" width=\"1800\" height=\"675\" src=\"https:\/\/www.dopharma-ripac.com\/wp-content\/uploads\/2022\/04\/header-forschung_1800.jpg\" class=\"bg attachment-original size-original\" alt=\"\" \/>                        <div class=\"overlay\"><\/div>            \n                    <\/div>\n\t\t\n\t<div class=\"ux-shape-divider ux-shape-divider--bottom ux-shape-divider--style-curve-2-invert\">\n\t\t<svg viewbox=\"0 0 1000 100\" xmlns=\"http:\/\/www.w3.org\/2000\/svg\" preserveaspectratio=\"none\">\n\t<path class=\"ux-shape-fill\" d=\"M1000 100H0V4.71656C494.161 100.895 796.31 101.094 1000 5.31298V100Z\"\/>\n<\/svg>\n\t<\/div>\n        <div class=\"banner-layers container\">\n            <div class=\"fill banner-link\"><\/div>            \n   <div id=\"text-box-636244289\" class=\"text-box banner-layer x5 md-x5 lg-x5 y50 md-y50 lg-y50 res-text\">\n                                <div class=\"text-box-content text dark\">\n              \n              <div class=\"text-inner text-center\">\n                  \n\t<div id=\"text-4012938876\" class=\"text\">\n\t\t\n<h2><b>Karriere<\/b><\/h2>\n<h3>Werden Sie ein Teil unseres Teams<\/h3>\n\t\t\n<style>\n#text-4012938876 {\n  text-align: left;\n}\n<\/style>\n\t<\/div>\n\t\n              <\/div>\n           <\/div>\n                            \n<style>\n#text-box-636244289 {\n  width: 60%;\n}\n#text-box-636244289 .text-box-content {\n  font-size: 100%;\n}\n<\/style>\n    <\/div>\n \n        <\/div>\n      <\/div>\n\n            \n<style>\n#banner-330452142 {\n  padding-top: 300px;\n}\n#banner-330452142 .overlay {\n  background-color: rgba(0, 0, 0, 0.256);\n}\n#banner-330452142 .banner-bg img {\n  object-position: 48% 89%;\n}\n#banner-330452142 .ux-shape-divider--bottom svg {\n  height: 150px;\n  --divider-width: 144%;\n}\n#banner-330452142 .ux-shape-divider--bottom .ux-shape-fill {\n  fill: rgb(234, 245, 249);\n}\n@media (min-width:550px) {\n  #banner-330452142 {\n    padding-top: 600px;\n  }\n}\n<\/style>\n  <\/div>\n\n\n\n\t<section class=\"section\" id=\"section_411575567\">\n\t\t<div class=\"section-bg fill\" >\n\t\t\t\t\t\t\t\t\t\n\t\t\t\n\n\t\t<\/div>\n\n\t\t\n\n\t\t<div class=\"section-content relative\">\n\t\t\t\n<div class=\"row\"  id=\"row-720610533\">\n\n\t<div id=\"col-155938773\" class=\"col medium-8 small-12 large-8\"  >\n\t\t\t\t<div class=\"col-inner\"  >\n\t\t\t\n\t\t\t\n<h3><strong>Stellenangebote<\/strong><\/h3>\n<p>Das RIPAC-LABOR ist ein wachsendes Unternehmen mit nationaler und internationaler Klientel. Neue Mitarbeiter erwartet ein breit aufgestelltes und hochmotiviertes Team aus Fachkr\u00e4ften verschiedener Berufsgruppen (u. a. Veterin\u00e4rmedizinern, Biologen, VMTA, BTA), das sich auf Ihre Verst\u00e4rkung und Erfahrung freut.<\/p>\n<p><strong>Sie m\u00f6chten ein Teil unseres Teams werden?<\/strong><\/p>\n<p>Schauen Sie sich alle Stellenangebote hier an:\u00a0<a href=\"https:\/\/ripac-labor.jobs.personio.de\/\" target=\"_blank\" rel=\"noopener\">Jobs at Ripac-Labor GmbH<\/a>\u00a0(personio.de)<br \/>oder senden Sie Ihre Unterlagen in einer PDF-Datei per Mail an\u00a0<a href=\"mailto:bewerbung@dopharma-ripac.com\">bewerbung@dopharma-ripac.com<\/a><\/p>\n\t\t<\/div>\n\t\t\t\t\t<\/div>\n\n\t\n\n\t<div id=\"col-2087515810\" class=\"col medium-4 small-12 large-4\"  >\n\t\t\t\t<div class=\"col-inner\"  >\n\t\t\t\n\t\t\t\n<div class=\"row\"  id=\"row-1590767633\">\n\n\t<div id=\"col-1902540154\" class=\"col small-12 large-12\"  >\n\t\t\t\t<div class=\"col-inner\" style=\"background-color:rgb(255, 255, 255);\" >\n\t\t\t\n\t\t\t\n\t<div class=\"img has-hover lichtafgerond img x md-x lg-x y md-y lg-y\" id=\"image_1898211002\">\n\t\t\t\t\t\t\t\t<div class=\"img-inner dark\" >\n\t\t\t<img loading=\"lazy\" decoding=\"async\" width=\"1020\" height=\"765\" src=\"https:\/\/www.dopharma-ripac.com\/wp-content\/uploads\/2023\/03\/221003-Visit-Ripac-Colleagues-03-carreers.jpg\" class=\"attachment-large size-large\" alt=\"\" srcset=\"https:\/\/www.dopharma-ripac.com\/wp-content\/uploads\/2023\/03\/221003-Visit-Ripac-Colleagues-03-carreers.jpg 1024w, https:\/\/www.dopharma-ripac.com\/wp-content\/uploads\/2023\/03\/221003-Visit-Ripac-Colleagues-03-carreers-300x225.jpg 300w, https:\/\/www.dopharma-ripac.com\/wp-content\/uploads\/2023\/03\/221003-Visit-Ripac-Colleagues-03-carreers-768x576.jpg 768w, https:\/\/www.dopharma-ripac.com\/wp-content\/uploads\/2023\/03\/221003-Visit-Ripac-Colleagues-03-carreers-705x529.jpg 705w\" sizes=\"auto, (max-width: 1020px) 100vw, 1020px\" \/>\t\t\t\t\t\t\n\t\t\t\t\t<\/div>\n\t\t\t\t\t\t\t\t\n<style>\n#image_1898211002 {\n  width: 100%;\n}\n<\/style>\n\t<\/div>\n\t\n\t\t<\/div>\n\t\t\t\t\n<style>\n#col-1902540154 > .col-inner {\n  padding: 15px 15px 15px 15px;\n}\n<\/style>\n\t<\/div>\n\n\t\n<\/div>\n\t\t<\/div>\n\t\t\t\t\t<\/div>\n\n\t\n<\/div>\n\t\t<\/div>\n\n\t\t\n<style>\n#section_411575567 {\n  padding-top: 30px;\n  padding-bottom: 30px;\n  background-color: rgb(234, 245, 249);\n}\n<\/style>\n\t<\/section>","protected":false},"excerpt":{"rendered":"","protected":false},"author":3,"featured_media":0,"parent":0,"menu_order":0,"comment_status":"closed","ping_status":"closed","template":"page-blank.php","meta":{"footnotes":""},"class_list":["post-223","page","type-page","status-publish","hentry"],"yoast_head":"<!-- This site is optimized with the Yoast SEO plugin v27.3 - https:\/\/yoast.com\/product\/yoast-seo-wordpress\/ -->\n<title>Careers - Ripac Labor - A Dopharma Company<\/title>\n<meta name=\"robots\" content=\"index, follow, max-snippet:-1, max-image-preview:large, max-video-preview:-1\" \/>\n<link rel=\"canonical\" href=\"https:\/\/www.dopharma-ripac.com\/de\/careers\/\" \/>\n<meta property=\"og:locale\" content=\"de_DE\" \/>\n<meta property=\"og:type\" content=\"article\" \/>\n<meta property=\"og:title\" content=\"Careers - Ripac Labor - A Dopharma Company\" \/>\n<meta property=\"og:url\" content=\"https:\/\/www.dopharma-ripac.com\/de\/careers\/\" \/>\n<meta property=\"og:site_name\" content=\"Ripac Labor - A Dopharma Company\" \/>\n<meta property=\"article:modified_time\" content=\"2025-05-07T11:58:42+00:00\" \/>\n<meta name=\"twitter:card\" content=\"summary_large_image\" \/>\n<meta name=\"twitter:label1\" content=\"Gesch\u00e4tzte Lesezeit\" \/>\n\t<meta name=\"twitter:data1\" content=\"3\u00a0Minuten\" \/>\n<script type=\"application\/ld+json\" class=\"yoast-schema-graph\">{\"@context\":\"https:\\\/\\\/schema.org\",\"@graph\":[{\"@type\":\"WebPage\",\"@id\":\"https:\\\/\\\/www.dopharma-ripac.com\\\/de\\\/careers\\\/\",\"url\":\"https:\\\/\\\/www.dopharma-ripac.com\\\/de\\\/careers\\\/\",\"name\":\"Careers - Ripac Labor - A Dopharma Company\",\"isPartOf\":{\"@id\":\"https:\\\/\\\/www.dopharma-ripac.com\\\/de\\\/#website\"},\"datePublished\":\"2022-07-26T14:52:08+00:00\",\"dateModified\":\"2025-05-07T11:58:42+00:00\",\"breadcrumb\":{\"@id\":\"https:\\\/\\\/www.dopharma-ripac.com\\\/de\\\/careers\\\/#breadcrumb\"},\"inLanguage\":\"de\",\"potentialAction\":[{\"@type\":\"ReadAction\",\"target\":[\"https:\\\/\\\/www.dopharma-ripac.com\\\/de\\\/careers\\\/\"]}]},{\"@type\":\"BreadcrumbList\",\"@id\":\"https:\\\/\\\/www.dopharma-ripac.com\\\/de\\\/careers\\\/#breadcrumb\",\"itemListElement\":[{\"@type\":\"ListItem\",\"position\":1,\"name\":\"Home\",\"item\":\"https:\\\/\\\/www.dopharma-ripac.com\\\/de\\\/\"},{\"@type\":\"ListItem\",\"position\":2,\"name\":\"Careers\"}]},{\"@type\":\"WebSite\",\"@id\":\"https:\\\/\\\/www.dopharma-ripac.com\\\/de\\\/#website\",\"url\":\"https:\\\/\\\/www.dopharma-ripac.com\\\/de\\\/\",\"name\":\"Ripac Labor - A Dopharma Company\",\"description\":\"Tailored animal health solutions\",\"potentialAction\":[{\"@type\":\"SearchAction\",\"target\":{\"@type\":\"EntryPoint\",\"urlTemplate\":\"https:\\\/\\\/www.dopharma-ripac.com\\\/de\\\/?s={search_term_string}\"},\"query-input\":{\"@type\":\"PropertyValueSpecification\",\"valueRequired\":true,\"valueName\":\"search_term_string\"}}],\"inLanguage\":\"de\"}]}<\/script>\n<!-- \/ Yoast SEO plugin. -->","yoast_head_json":{"title":"Careers - Ripac Labor - A Dopharma Company","robots":{"index":"index","follow":"follow","max-snippet":"max-snippet:-1","max-image-preview":"max-image-preview:large","max-video-preview":"max-video-preview:-1"},"canonical":"https:\/\/www.dopharma-ripac.com\/de\/careers\/","og_locale":"de_DE","og_type":"article","og_title":"Careers - Ripac Labor - A Dopharma Company","og_url":"https:\/\/www.dopharma-ripac.com\/de\/careers\/","og_site_name":"Ripac Labor - A Dopharma Company","article_modified_time":"2025-05-07T11:58:42+00:00","twitter_card":"summary_large_image","twitter_misc":{"Gesch\u00e4tzte Lesezeit":"3\u00a0Minuten"},"schema":{"@context":"https:\/\/schema.org","@graph":[{"@type":"WebPage","@id":"https:\/\/www.dopharma-ripac.com\/de\/careers\/","url":"https:\/\/www.dopharma-ripac.com\/de\/careers\/","name":"Careers - Ripac Labor - A Dopharma Company","isPartOf":{"@id":"https:\/\/www.dopharma-ripac.com\/de\/#website"},"datePublished":"2022-07-26T14:52:08+00:00","dateModified":"2025-05-07T11:58:42+00:00","breadcrumb":{"@id":"https:\/\/www.dopharma-ripac.com\/de\/careers\/#breadcrumb"},"inLanguage":"de","potentialAction":[{"@type":"ReadAction","target":["https:\/\/www.dopharma-ripac.com\/de\/careers\/"]}]},{"@type":"BreadcrumbList","@id":"https:\/\/www.dopharma-ripac.com\/de\/careers\/#breadcrumb","itemListElement":[{"@type":"ListItem","position":1,"name":"Home","item":"https:\/\/www.dopharma-ripac.com\/de\/"},{"@type":"ListItem","position":2,"name":"Careers"}]},{"@type":"WebSite","@id":"https:\/\/www.dopharma-ripac.com\/de\/#website","url":"https:\/\/www.dopharma-ripac.com\/de\/","name":"Ripac Labor - A Dopharma Company","description":"Tailored animal health solutions","potentialAction":[{"@type":"SearchAction","target":{"@type":"EntryPoint","urlTemplate":"https:\/\/www.dopharma-ripac.com\/de\/?s={search_term_string}"},"query-input":{"@type":"PropertyValueSpecification","valueRequired":true,"valueName":"search_term_string"}}],"inLanguage":"de"}]}},"_links":{"self":[{"href":"https:\/\/www.dopharma-ripac.com\/de\/wp-json\/wp\/v2\/pages\/223","targetHints":{"allow":["GET"]}}],"collection":[{"href":"https:\/\/www.dopharma-ripac.com\/de\/wp-json\/wp\/v2\/pages"}],"about":[{"href":"https:\/\/www.dopharma-ripac.com\/de\/wp-json\/wp\/v2\/types\/page"}],"author":[{"embeddable":true,"href":"https:\/\/www.dopharma-ripac.com\/de\/wp-json\/wp\/v2\/users\/3"}],"replies":[{"embeddable":true,"href":"https:\/\/www.dopharma-ripac.com\/de\/wp-json\/wp\/v2\/comments?post=223"}],"version-history":[{"count":25,"href":"https:\/\/www.dopharma-ripac.com\/de\/wp-json\/wp\/v2\/pages\/223\/revisions"}],"predecessor-version":[{"id":628,"href":"https:\/\/www.dopharma-ripac.com\/de\/wp-json\/wp\/v2\/pages\/223\/revisions\/628"}],"wp:attachment":[{"href":"https:\/\/www.dopharma-ripac.com\/de\/wp-json\/wp\/v2\/media?parent=223"}],"curies":[{"name":"wp","href":"https:\/\/api.w.org\/{rel}","templated":true}]}}