{"id":135,"date":"2022-05-12T14:05:53","date_gmt":"2022-05-12T12:05:53","guid":{"rendered":"http:\/\/www.dopharma-ripac.com\/?page_id=135"},"modified":"2025-07-02T14:02:33","modified_gmt":"2025-07-02T12:02:33","slug":"impressum","status":"publish","type":"page","link":"https:\/\/www.dopharma-ripac.com\/de\/impressum\/","title":{"rendered":"Impressum"},"content":{"rendered":"<section class=\"section\" id=\"section_1729580872\">\n\t\t<div class=\"section-bg fill\" >\n\t\t\t\t\t\t\t\t\t\n\t\t\t\n\n\t\t<\/div>\n\n\t\t\n\n\t\t<div class=\"section-content relative\">\n\t\t\t\n<div class=\"row\"  id=\"row-123476091\">\n\n\t<div id=\"col-399288075\" class=\"col small-12 large-12\"  >\n\t\t\t\t<div class=\"col-inner\"  >\n\t\t\t\n\t\t\t\n<div class=\"title\">\n<h3>Impressum<\/h3>\n<\/div>\n<div id=\"c451\" class=\"frame frame-default frame-type-text frame-layout-0\">\n<h3>RIPAC-LABOR GmbH<\/h3>\n<p>Am M\u00fchlenberg 11<br \/>14476 Potsdam<br \/>Deutschland<\/p>\n<p>Tel:\u00a0<a href=\"tel:+493315818400\">+49(0)331 581840-0<\/a><br \/>Tel diagnostics:\u00a0<a href=\"tel:+4933158184010\">+49(0)331 581840-10<\/a><br \/>Fax: +49(0)331 581840-28<br \/>www.dopharma-ripac.com<br \/><a href=\"mailto:info@dopharma-ripac.com\">info@dopharma-ripac.com<\/a><\/p>\n<p>Amtsgericht Potsdam<br \/>HRB 20133P<br \/>Gesch\u00e4ftsf\u00fchrer:<br \/>Heiko R\u00fcdiger, Wijnand de Bruijn<\/p>\n<p>Fotos &amp; Videos<br \/>Stefan Kraul \/ <a href=\"http:\/\/www.stefankraul.de\/\" target=\"_blank\" rel=\"noopener\">www.stefankraul.de<\/a><br \/>Bianca Evers \/ <a href=\"http:\/\/www.jakobundluisa.com\/\" target=\"_blank\" rel=\"noopener\">www.jakobundluisa.com<\/a><br \/>Hartmut B\u00f6sener \/ <a href=\"https:\/\/www.hartmutboesener.com\/\" target=\"_blank\" rel=\"noopener\">www.hartmutboesener.com<\/a><br \/>Oscar &amp; Emmy \/ <a href=\"https:\/\/oscaremmy.nl\/\" target=\"_blank\" rel=\"noopener\">oscaremmy.nl<\/a><\/p>\n<div>\n<h3>Haftungsausschluss<\/h3>\n<h4>Urheberrecht<\/h4>\n<p class=\"translation-block\">Das Layout und die Gestaltung des Internetangebots des RIPAC-LABORs sowie die einzelnen Elemente sind urheberrechtlich gesch\u00fctzt. Vervielf\u00e4ltigung und Verwendung sind nicht gestattet. Das RIPAC-LABOR ist bestrebt, in allen Publikationen die Urheberrechte der verwendeten Grafiken, Sounds und Texte zu beachten, selbst erstellte Grafiken, Sounds und Texte zu nutzen oder auf lizenzfreie Grafiken, Sounds und Texte zur\u00fcckzugreifen. Sollte sich auf den jeweiligen Seiten dennoch eine ungekennzeichnete Abbildung (etc.) oder durch ein fremdes Copyright gesch\u00fctztes Werk befinden, so konnte das Copyright nicht festgestellt werden. Im Falle einer solchen unbeabsichtigten Copyrightverletzung wird das RIPAC-LABOR Webteam das entsprechende Objekt nach Benachrichtigung aus seiner Publikation entfernen bzw. mit dem entsprechenden Copyright kenntlich machen. Das Copyright f\u00fcr ver\u00f6ffentlichte, auf der Internetseite selbst erstellte Objekte bleibt allein beim Autor der Seiten. Eine Vervielf\u00e4ltigung oder Verwendung solcher Grafiken, Sounds und Texte in anderen elektronischen oder gedruckten Publikationen ist ohne ausdr\u00fcckliche Zustimmung des RIPAC-LABORs nicht gestattet.<\/p>\n<h4>Haftung<\/h4>\n<p class=\"translation-block\">Die ver\u00f6ffentlichten Inhalte sind mit gr\u00f6\u00dfter Sorgfalt recherchiert. Dennoch kann das RIPAC-LABOR keine Gew\u00e4hr f\u00fcr ihre Richtigkeit \u00fcbernehmen. Alle Angaben erfolgen ohne Gew\u00e4hr. Eine Haftung f\u00fcr Sch\u00e4den, die sich aus der Verwendung der ver\u00f6ffentlichten Inhalte ergeben, durch den Betreiber ist ausgeschlossen. Haftungsanspr\u00fcche gegen das RIPAC-LABOR, die sich auf Sch\u00e4den materieller oder ideeller Art beziehen, welche durch die Nutzung oder Nichtnutzung der dargebotenen Informationen bzw. durch die Nutzung fehlerhafter und unvollst\u00e4ndiger Informationen verursacht wurden, sind ausgeschlossen. F\u00fcr Internetseiten Dritter, auf die durch Hyperlink verwiesen wird, tragen die jeweiligen Anbieter die Verantwortung. Das RIPAC-LABOR ist f\u00fcr den Inhalt solcher Seiten Dritter nicht verantwortlich. Des Weiteren kann die hier vorliegende Webseite von einer anderen Webseite mittels Hyperlink verlinkt worden sein. Das RIPAC-LABOR \u00fcbernimmt keine Verantwortung f\u00fcr Darstellungen, Inhalt oder irgendeine Verbindung in Webseiten Dritter. Au\u00dferdem beh\u00e4lt sich das RIPAC-LABOR das Recht vor, \u00c4nderungen oder Erg\u00e4nzungen der bereitgestellten Informationen vorzunehmen. Inhalt und Struktur der Webseiten www.dopharma-ripac.com sind urheberrechtlich gesch\u00fctzt. Die Vervielf\u00e4ltigung von Informationen oder Daten, insbesondere die Verwendung von Texten, Textteilen oder Bildmaterial bedarf der ausdr\u00fccklichen vorherigen Zustimmung des Rechteinhabers. Angaben gem\u00e4\u00df \u00a76 Anbieterkennzeichnung des TDG (Teledienstgesetz).<\/p>\n<h4>Rechtswirksamkeit dieses Haftungsausschlusses<\/h4>\n<p>Dieser Haftungsausschluss ist als Teil des Internetangebotes zu betrachten, von dem aus auf diese Seite verwiesen wurde. Sofern Teile oder einzelne Formulierungen dieses Textes der geltenden Rechtslage nicht, nicht mehr oder nicht vollst\u00e4ndig entsprechen sollten, bleiben die \u00fcbrigen Teile des Dokumentes in ihrem Inhalt und ihrer G\u00fcltigkeit davon unber\u00fchrt.<\/p>\n<\/div>\n<\/div>\n\t\t<\/div>\n\t\t\t\t\t<\/div>\n\n\t\n<\/div>\n\t\t<\/div>\n\n\t\t\n<style>\n#section_1729580872 {\n  padding-top: 30px;\n  padding-bottom: 30px;\n}\n<\/style>\n\t<\/section>","protected":false},"excerpt":{"rendered":"","protected":false},"author":1,"featured_media":0,"parent":0,"menu_order":0,"comment_status":"closed","ping_status":"closed","template":"page-blank.php","meta":{"footnotes":""},"class_list":["post-135","page","type-page","status-publish","hentry"],"yoast_head":"<!-- This site is optimized with the Yoast SEO plugin v27.3 - https:\/\/yoast.com\/product\/yoast-seo-wordpress\/ -->\n<title>Impressum - Ripac Labor - A Dopharma Company<\/title>\n<meta name=\"robots\" content=\"index, follow, max-snippet:-1, max-image-preview:large, max-video-preview:-1\" \/>\n<link rel=\"canonical\" href=\"https:\/\/www.dopharma-ripac.com\/de\/impressum\/\" \/>\n<meta property=\"og:locale\" content=\"de_DE\" \/>\n<meta property=\"og:type\" content=\"article\" \/>\n<meta property=\"og:title\" content=\"Impressum - Ripac Labor - A Dopharma Company\" \/>\n<meta property=\"og:url\" content=\"https:\/\/www.dopharma-ripac.com\/de\/impressum\/\" \/>\n<meta property=\"og:site_name\" content=\"Ripac Labor - A Dopharma Company\" \/>\n<meta property=\"article:modified_time\" content=\"2025-07-02T12:02:33+00:00\" \/>\n<meta name=\"twitter:card\" content=\"summary_large_image\" \/>\n<meta name=\"twitter:label1\" content=\"Gesch\u00e4tzte Lesezeit\" \/>\n\t<meta name=\"twitter:data1\" content=\"3\u00a0Minuten\" \/>\n<script type=\"application\/ld+json\" class=\"yoast-schema-graph\">{\"@context\":\"https:\\\/\\\/schema.org\",\"@graph\":[{\"@type\":\"WebPage\",\"@id\":\"https:\\\/\\\/www.dopharma-ripac.com\\\/en\\\/impressum\\\/\",\"url\":\"https:\\\/\\\/www.dopharma-ripac.com\\\/en\\\/impressum\\\/\",\"name\":\"Impressum - Ripac Labor - A Dopharma Company\",\"isPartOf\":{\"@id\":\"https:\\\/\\\/www.dopharma-ripac.com\\\/de\\\/#website\"},\"datePublished\":\"2022-05-12T12:05:53+00:00\",\"dateModified\":\"2025-07-02T12:02:33+00:00\",\"breadcrumb\":{\"@id\":\"https:\\\/\\\/www.dopharma-ripac.com\\\/en\\\/impressum\\\/#breadcrumb\"},\"inLanguage\":\"de\",\"potentialAction\":[{\"@type\":\"ReadAction\",\"target\":[\"https:\\\/\\\/www.dopharma-ripac.com\\\/en\\\/impressum\\\/\"]}]},{\"@type\":\"BreadcrumbList\",\"@id\":\"https:\\\/\\\/www.dopharma-ripac.com\\\/en\\\/impressum\\\/#breadcrumb\",\"itemListElement\":[{\"@type\":\"ListItem\",\"position\":1,\"name\":\"Home\",\"item\":\"https:\\\/\\\/www.dopharma-ripac.com\\\/de\\\/\"},{\"@type\":\"ListItem\",\"position\":2,\"name\":\"Impressum\"}]},{\"@type\":\"WebSite\",\"@id\":\"https:\\\/\\\/www.dopharma-ripac.com\\\/de\\\/#website\",\"url\":\"https:\\\/\\\/www.dopharma-ripac.com\\\/de\\\/\",\"name\":\"Ripac Labor - A Dopharma Company\",\"description\":\"Tailored animal health solutions\",\"potentialAction\":[{\"@type\":\"SearchAction\",\"target\":{\"@type\":\"EntryPoint\",\"urlTemplate\":\"https:\\\/\\\/www.dopharma-ripac.com\\\/de\\\/?s={search_term_string}\"},\"query-input\":{\"@type\":\"PropertyValueSpecification\",\"valueRequired\":true,\"valueName\":\"search_term_string\"}}],\"inLanguage\":\"de\"}]}<\/script>\n<!-- \/ Yoast SEO plugin. -->","yoast_head_json":{"title":"Impressum - Ripac Labor - A Dopharma Company","robots":{"index":"index","follow":"follow","max-snippet":"max-snippet:-1","max-image-preview":"max-image-preview:large","max-video-preview":"max-video-preview:-1"},"canonical":"https:\/\/www.dopharma-ripac.com\/de\/impressum\/","og_locale":"de_DE","og_type":"article","og_title":"Impressum - Ripac Labor - A Dopharma Company","og_url":"https:\/\/www.dopharma-ripac.com\/de\/impressum\/","og_site_name":"Ripac Labor - A Dopharma Company","article_modified_time":"2025-07-02T12:02:33+00:00","twitter_card":"summary_large_image","twitter_misc":{"Gesch\u00e4tzte Lesezeit":"3\u00a0Minuten"},"schema":{"@context":"https:\/\/schema.org","@graph":[{"@type":"WebPage","@id":"https:\/\/www.dopharma-ripac.com\/en\/impressum\/","url":"https:\/\/www.dopharma-ripac.com\/en\/impressum\/","name":"Impressum - Ripac Labor - A Dopharma Company","isPartOf":{"@id":"https:\/\/www.dopharma-ripac.com\/de\/#website"},"datePublished":"2022-05-12T12:05:53+00:00","dateModified":"2025-07-02T12:02:33+00:00","breadcrumb":{"@id":"https:\/\/www.dopharma-ripac.com\/en\/impressum\/#breadcrumb"},"inLanguage":"de","potentialAction":[{"@type":"ReadAction","target":["https:\/\/www.dopharma-ripac.com\/en\/impressum\/"]}]},{"@type":"BreadcrumbList","@id":"https:\/\/www.dopharma-ripac.com\/en\/impressum\/#breadcrumb","itemListElement":[{"@type":"ListItem","position":1,"name":"Home","item":"https:\/\/www.dopharma-ripac.com\/de\/"},{"@type":"ListItem","position":2,"name":"Impressum"}]},{"@type":"WebSite","@id":"https:\/\/www.dopharma-ripac.com\/de\/#website","url":"https:\/\/www.dopharma-ripac.com\/de\/","name":"Ripac Labor - A Dopharma Company","description":"Tailored animal health solutions","potentialAction":[{"@type":"SearchAction","target":{"@type":"EntryPoint","urlTemplate":"https:\/\/www.dopharma-ripac.com\/de\/?s={search_term_string}"},"query-input":{"@type":"PropertyValueSpecification","valueRequired":true,"valueName":"search_term_string"}}],"inLanguage":"de"}]}},"_links":{"self":[{"href":"https:\/\/www.dopharma-ripac.com\/de\/wp-json\/wp\/v2\/pages\/135","targetHints":{"allow":["GET"]}}],"collection":[{"href":"https:\/\/www.dopharma-ripac.com\/de\/wp-json\/wp\/v2\/pages"}],"about":[{"href":"https:\/\/www.dopharma-ripac.com\/de\/wp-json\/wp\/v2\/types\/page"}],"author":[{"embeddable":true,"href":"https:\/\/www.dopharma-ripac.com\/de\/wp-json\/wp\/v2\/users\/1"}],"replies":[{"embeddable":true,"href":"https:\/\/www.dopharma-ripac.com\/de\/wp-json\/wp\/v2\/comments?post=135"}],"version-history":[{"count":13,"href":"https:\/\/www.dopharma-ripac.com\/de\/wp-json\/wp\/v2\/pages\/135\/revisions"}],"predecessor-version":[{"id":714,"href":"https:\/\/www.dopharma-ripac.com\/de\/wp-json\/wp\/v2\/pages\/135\/revisions\/714"}],"wp:attachment":[{"href":"https:\/\/www.dopharma-ripac.com\/de\/wp-json\/wp\/v2\/media?parent=135"}],"curies":[{"name":"wp","href":"https:\/\/api.w.org\/{rel}","templated":true}]}}