{"id":132,"date":"2022-05-12T14:04:51","date_gmt":"2022-05-12T12:04:51","guid":{"rendered":"http:\/\/www.dopharma-ripac.com\/?page_id=132"},"modified":"2023-10-17T17:09:03","modified_gmt":"2023-10-17T15:09:03","slug":"datenschutz","status":"publish","type":"page","link":"https:\/\/www.dopharma-ripac.com\/de\/datenschutz\/","title":{"rendered":"Datenschutz"},"content":{"rendered":"[av_textblock textblock_styling_align=&#8221; textblock_styling=&#8221; textblock_styling_gap=&#8221; textblock_styling_mobile=&#8221; size=&#8221; av-medium-font-size=&#8221; av-small-font-size=&#8221; av-mini-font-size=&#8221; font_color=&#8221; color=&#8221; id=&#8221; custom_class=&#8221; template_class=&#8221; av_uid=&#8217;av-l32yrane&#8217; sc_version=&#8217;1.0&#8242; admin_preview_bg=&#8221;]\n<section class=\"content-section\">\n<div class=\"container\">\n<div class=\"title\">\n<h3>Datenschutzerkl\u00e4rung der RIPAC-LABOR GmbH<\/h3>\n<\/div>\n<div id=\"c455\" class=\"frame frame-default frame-type-text frame-layout-0\">\n<h4><strong>1. Allgemeine Informationen \u00fcber die Verarbeitung personenbezogener Daten <\/strong><\/h4>\n<p>1.1. Im Folgenden informieren wir Sie \u00fcber die Erhebung und Verarbeitung personenbezogener Daten, wenn Sie die von der RIPAC-LABOR GmbH angebotenen Dienstleistungen in Anspruch nehmen (diagnostische Dienstleistungen und\/oder bestandsspezifische Impfstoffe, nachfolgend \u201e<strong>Services<\/strong>\u201c). Dabei werden wir Sie auch \u00fcber die Verarbeitung Ihrer personenbezogenen Daten bei der Nutzung unserer Website <a href=\"http:\/\/www.dopharma-ripac.com\">www.dopharma-ripac.com<\/a> (nachfolgend \u201e<strong>Website<\/strong>\u201c genannt) informieren. Personenbezogene Daten sind Einzelangaben \u00fcber pers\u00f6nliche oder sachliche Verh\u00e4ltnisse einer bestimmten oder bestimmbaren nat\u00fcrlichen Person.<\/p>\n<p>1.2. Verantwortlicher gem\u00e4\u00df Art.\u00a04\u00a0Abs.\u00a07\u00a0DS-GVO ist die RIPAC-LABOR GmbH (nachfolgend auch \u201eRIPAC\u201coder \u201ewir\u201c genannt), Am M\u00fchlenberg 11, 14476 Potsdam, E-Mail: <a href=\"mailto:info@dopharma-ripac.de\">info@dopharma-ripac.de<\/a> (siehe unser <a href=\"http:\/\/www.ripac-labor.de\/impressum\/\" target=\"_blank\" rel=\"noopener\">Impressum<\/a>). Unseren Datenschutzbeauftragten erreichen Sie unter <a title=\"datenschutz@ripac-labor.de\" href=\"mailto:datenschutz@dopharma-ripac.com\">datenschutz@dopharma-ripac.com<\/a>.<\/p>\n<p>1.3. S\u00e4mtliche personenbezogenen Daten werden ausschlie\u00dflich gem\u00e4\u00df den Bestimmungen der EU-Datenschutzgrundverordnung (EU-DSGVO), des Bundesdatenschutzgesetzes (BDSG) sowie des Telemediengesetzes (TMG) verarbeitet.<\/p>\n<p>1.4. In dieser Datenschutzerkl\u00e4rung ist ausschlie\u00dflich geregelt, wie wir mit Ihren personenbezogenen Daten umgehen. F\u00fcr den Fall, dass Sie \u00fcber die Website auf die Verlinkungen zu Drittanbietern klicken, gelten ausschlie\u00dflich die Datenschutzbestimmungen dieser Dritten. wir pr\u00fcfen die Datenschutzbestimmungen Dritter nicht.<\/p>\n<p>1.5. Falls wir f\u00fcr einzelne Funktionen unseres Angebots auf beauftragte Dienstleister zur\u00fcckgreifen, werden wir Sie untenstehend im Detail \u00fcber die jeweiligen Vorg\u00e4nge informieren.<\/p>\n<h4>2. Verarbeitung personenbezogener Daten bei Inanspruchnahme unserer Services<\/h4>\n<p>2.1. Um einen unserer Services in Anspruch nehmen zu k\u00f6nnen, ben\u00f6tigen wir die Kontakt-, Adress- und Bezahldaten des Tierhalters, um mit ihm in Kontakt zu treten und den gew\u00fcnschten Service abwickeln zu k\u00f6nnen sowie die Adressdaten des Tierbestandes. Die Auftr\u00e4ge und Bestellungen k\u00f6nnen telefonisch, per Fax, per E-Mail oder \u00fcber unser Onlinebestellformular aufgeben werden. Zum Onlinebestellverfahren beachten Sie bitte die weiteren Hinweise unter Ziff. 3. 4. Eine Speicherung der Daten erfolgt auch f\u00fcr die Abwicklung etwaiger Gew\u00e4hrleistungsanspr\u00fcche sowie f\u00fcr die technische Administration. Zudem ben\u00f6tigen wir die Kontaktdaten des zust\u00e4ndigen Tierarztes, um ggf. erforderliche Nachfragen zum Tierbestand stellen zu k\u00f6nnen. Die Kontaktdaten des Tierarztes werden dar\u00fcber hinaus ben\u00f6tigt, um eine Impfstoffbestellung entgegen zu nehmen, denn eine solche darf nur durch einen zugelassenen Tierarzt erfolgen. Die Adressdaten seiner Praxis sind erforderlich, wenn diese den Lieferungsort darstellen soll. Rechtsgrundlage f\u00fcr diese Verarbeitung ist Art. 6 Abs. 1 S. 1 lit. b) DSGVO.<\/p>\n<p>2.2. F\u00fcr die Durchf\u00fchrung unserer Services, werden Ihre Daten gem\u00e4\u00df Art. 6 Abs. 1 S. 1 lit. b) DSGVO zusammen mit der eingesandten Probe gespeichert. Die Speicherung personenbezogenen Daten erfolgt zumindest solange, bis der eingelagerte Bakterienstamm vernichtet wird und\/oder keine Gesch\u00e4ftsbeziehung mehr besteht.<\/p>\n<p>2.3. Damit wir Ihnen unsere Waren liefern k\u00f6nnen, geben wir Ihre Daten an unseren Lieferdienst weiter. Die Weitergabe erfolgt auf Grundlage von Art. 6 Abs. 1 S. 1 lit. b) DSGVO.<\/p>\n<h4>3. Verarbeitungpersonenbezogener Daten bei Nutzung unserer Website<\/h4>\n<p>3.1. Beim Besuch unserer Website<\/p>\n<p>Bei der rein informatorischen Nutzung unserer Website, d.h. wenn Sie uns nicht aktiv Informationen \u00fcbermitteln, erheben wir nur die personenbezogenen Daten, die Ihr Browser an unseren Server \u00fcbermittelt (Server-Logfiles\/Zugangsdaten). Damit Sie unsere Website betrachten k\u00f6nnen, erheben wir auf Grundlage von Art. 6 Abs. 1 S. 1 lit. f) DSGVO die folgenden Daten, die f\u00fcr uns technisch erforderlich sind, um Ihnen unsere Website anzuzeigen und die Stabilit\u00e4t und Sicherheit zu gew\u00e4hrleisten:<\/p>\n<p>Name und Inhalt der abgerufenen Website, IP-Adresse, Datum und Uhrzeit der Anfrage, Zeitzonendifferenz zur Greenwich Mean Time (GMT), die jeweils \u00fcbertragene Datenmenge, Zugriffsstatus\/HTTP-Statuscode (Referrer URL), Browsertyp, Ihr Betriebssystem und dessen Oberfl\u00e4che, Sprache und Version der Browsersoftware.<\/p>\n<p>3.2. Cookies<\/p>\n<p>Diese Website setzt keine Cookies ein.<\/p>\n<p>3.3. Bei der Nutzung unseres Kontaktformulars<\/p>\n<p>Wenn Sie mit uns \u00fcber das Kontaktformular kommunizieren wollen, werden die von Ihnen mitgeteilten Daten (Ihr Name, Ihre E-Mail-Adresse) von uns gespeichert, um Ihre Fragen zu beantworten. Rechtsgrundlage daf\u00fcr ist der Art. 6 Abs. 1 S. 1 lit. b) DSGVO bzw., soweit es sich um freiwillige Angaben handelt, der Art. 6 Abs. 1 S. 1 lit. a) DSGVO. Die in diesem Zusammenhang anfallenden Daten l\u00f6schen wir, nachdem die Speicherung nicht mehr erforderlich ist, oder schr\u00e4nken die Verarbeitung ein, falls gesetzliche Aufbewahrungspflichten bestehen.<\/p>\n<p>3.4. Bei der Onlinebestellung \u00fcber unser Bestellformular<\/p>\n<p>Wir erheben, speichern und verarbeiten personenbezogene Daten gem\u00e4\u00df Art. 6 Abs. 1 lit. a) oder b) DSGVO f\u00fcr die gesamte Abwicklung des jeweiligen Service, einschlie\u00dflich der Abwicklung etwaiger Gew\u00e4hrleistungsanspr\u00fcche sowie die technische Administration.<\/p>\n<p>Wenn Sie \u00fcber unsere Website bestellen m\u00f6chten, ist es f\u00fcr den Vertragsabschluss erforderlich, dass Sie Ihre personenbezogenen Daten angeben, die wir f\u00fcr die Abwicklung Ihrer Bestellung ben\u00f6tigen, also Namen und Anschrift des Tierhalters bzw. des Bestellers, die Art der Bestellung, die Adresse des zust\u00e4ndigen Tierarztes sowie ggf. die Adresse des Tierbestandes. Ihnen bleibt es unbenommen, lediglich Ihre Kontaktdaten (mindestens Name, E-Mail-Adresse) anzugeben. Wir werden dann mit Ihnen Kontakt aufnehmen, um Ihre Bestellung abzuwickeln. Die Mindestangaben f\u00fcr Ihre Kontaktanfrage sind gesondert markiert, weitere Angaben sind freiwillig.<\/p>\n<p>3.5. Einbindung von Diensten Dritter zum Zwecke des Webhostings<\/p>\n<p>Wir nutzen Serverkapazit\u00e4ten eines Providers, \u00fcber den wir in der Lage sind, Ihnen unsere Dienstleistungen \u00fcber unsere Webseiten online anbieten zu k\u00f6nnen (Webhosting). Die Rechtsgrundlage daf\u00fcr ist Art. 6 Abs. 1 S. 1 lit. b) DSGVO. Daf\u00fcr werden Bestandsdaten, Kontaktdaten, Inhaltsdaten, Vertragsdaten, Nutzungsdaten, Meta- und Kommunikationsdaten von Kunden, Interessenten und Besuchern unseres Onlineangebotes an den Dienstleister \u00fcbermittelt. Unser Hostprovider hat seine Server in Deutschland.<\/p>\n<h4>4. Dauer der Speicherung und routinem\u00e4\u00dfige L\u00f6schung<\/h4>\n<p>4.1. Wir verarbeiten und speichern personenbezogene Daten nur f\u00fcr den Zeitraum, der zur Erreichung des Verarbeitungszwecks erforderlich ist oder sofern dies in Gesetzen oder Vorschriften, welchen der f\u00fcr die Verarbeitung Verantwortliche unterliegt, vorgesehen wurde. Das Vorliegen des Speicherungszwecks wird von uns alle 10 Jahre \u00fcberpr\u00fcft.<\/p>\n<p>4.2. Wir sind aufgrund handels- und steuerrechtlicher Vorgaben verpflichtet, Ihre Adress-, Zahlungs- und Bestelldaten f\u00fcr die Dauer von zehn Jahren zu speichern.<\/p>\n<p>4.3. Entf\u00e4llt der Speicherungszweck oder l\u00e4uft eine gesetzlich vorgeschriebene Speicherfrist ab, werden die personenbezogenen Daten routinem\u00e4\u00dfig und entsprechend den gesetzlichen Vorschriften gesperrt oder gel\u00f6scht.<\/p>\n<h4>5. Rechte der Betroffenen<\/h4>\n<p>5.1. Sie haben gem\u00e4\u00df Art 15 DSGVO das Recht, auf Antrag unentgeltlich Auskunft \u00fcber die personenbezogenen Daten zu erhalten, die \u00fcber Sie gespeichert wurden. Sie haben zudem gem\u00e4\u00df Art. 16, 17 und 18 DSGVO das Recht auf Berichtigung unrichtiger Daten sowie Sperrung und L\u00f6schung bzw. eingeschr\u00e4nkter Verarbeitung Ihrer personenbezogenen Daten. Sie sind unter den in Art. 20 DSGVO bestimmten Voraussetzungen au\u00dferdem berechtigt, die ihn betreffenden personenbezogenen Daten, die gespeichert wurden, in einem strukturierten, g\u00e4ngigen und maschinenlesbaren Format zu erhalten und diese Daten einem anderen Verantwortlichen ohne Behinderung durch RIPAC zu \u00fcbermitteln. Au\u00dferdem sind Sie gem\u00e4\u00df Art. 21 Abs. 1 DSGVO berechtigt, gegen die Verarbeitung der Sie betreffenden personenbezogenen Daten, die aufgrund von Art. 6 Abs. 1 S. 1 lit. e) oder f) DSGVO erfolgt, aus Gr\u00fcnden, die sich aus Ihrer besonderen Situation ergibt, Widerspruch einzulegen. RIPAC wird Ihre vorgenannten Rechte erf\u00fcllen, soweit die gesetzlichen Voraussetzungen f\u00fcr die Geltendmachung der Rechte gegeben sind.<\/p>\n<p>5.2. Jegliche Ersuche zu Ihren personenbezogenen Daten richten Sie bitte an die im Impressum unserer Website oder die unter Ziff.\u00a01 dieser Datenschutzerkl\u00e4rung angegebene E-Mail-Adresse oder Anschrift.<\/p>\n<p>5.3. Sie haben zudem das Recht, bei einer Datenschutzaufsichtsbeh\u00f6rde eine Beschwerde \u00fcber die Verarbeitung Ihrer personenbezogenen Daten durch uns einzulegen.<\/p>\n<h4>6. Aktualit\u00e4t und \u00c4nderung dieser Datenschutzerkl\u00e4rung<\/h4>\n<p>Diese Datenschutzerkl\u00e4rung ist aktuell g\u00fcltig und hat den Stand Juli 2018. Durch die Weiterentwicklung unserer Website und Angebote dar\u00fcber oder aufgrund ge\u00e4nderter gesetzlicher beziehungsweise beh\u00f6rdlicher Vorgaben kann es notwendig werden, diese Datenschutzerkl\u00e4rung zu \u00e4ndern. Die jeweils aktuelle Datenschutzerkl\u00e4rung kann jederzeit auf der Website unter <a href=\"http:\/\/www.dopharma-ripac.com\/datenschutz\/\" target=\"_blank\" rel=\"noopener\">http:\/\/www.dopharma-ripac.com\/datenschutz\/<\/a> von Ihnen abgerufen und ausgedruckt werden.<\/p>\n<\/div>\n<\/div>\n<\/section>\n[\/av_textblock]\n","protected":false},"excerpt":{"rendered":"[av_textblock textblock_styling_align=&#8221; textblock_styling=&#8221; textblock_styling_gap=&#8221; textblock_styling_mobile=&#8221; size=&#8221; av-medium-font-size=&#8221; av-small-font-size=&#8221; av-mini-font-size=&#8221; font_color=&#8221; color=&#8221; id=&#8221; custom_class=&#8221; template_class=&#8221; av_uid=&#8217;av-l32yrane&#8217; sc_version=&#8217;1.0&#8242; admin_preview_bg=&#8221;] Datenschutzerkl\u00e4rung der RIPAC-LABOR GmbH 1. Allgemeine Informationen \u00fcber die Verarbeitung personenbezogener Daten 1.1. Im Folgenden informieren wir Sie \u00fcber die Erhebung und Verarbeitung personenbezogener Daten, wenn Sie die von der RIPAC-LABOR GmbH angebotenen Dienstleistungen in Anspruch nehmen (diagnostische [&#8230;]\n","protected":false},"author":1,"featured_media":0,"parent":0,"menu_order":0,"comment_status":"closed","ping_status":"closed","template":"","meta":{"footnotes":""},"class_list":["post-132","page","type-page","status-publish","hentry"],"yoast_head":"<!-- This site is optimized with the Yoast SEO plugin v27.3 - https:\/\/yoast.com\/product\/yoast-seo-wordpress\/ -->\n<title>Datenschutz - Ripac Labor - A Dopharma Company<\/title>\n<meta name=\"robots\" content=\"index, follow, max-snippet:-1, max-image-preview:large, max-video-preview:-1\" \/>\n<link rel=\"canonical\" href=\"https:\/\/www.dopharma-ripac.com\/de\/datenschutz\/\" \/>\n<meta property=\"og:locale\" content=\"de_DE\" \/>\n<meta property=\"og:type\" content=\"article\" \/>\n<meta property=\"og:title\" content=\"Datenschutz - Ripac Labor - A Dopharma Company\" \/>\n<meta property=\"og:description\" content=\"[av_textblock textblock_styling_align=&#8221; textblock_styling=&#8221; textblock_styling_gap=&#8221; textblock_styling_mobile=&#8221; size=&#8221; av-medium-font-size=&#8221; av-small-font-size=&#8221; av-mini-font-size=&#8221; font_color=&#8221; color=&#8221; id=&#8221; custom_class=&#8221; template_class=&#8221; av_uid=&#8217;av-l32yrane&#8217; sc_version=&#8217;1.0&#8242; admin_preview_bg=&#8221;] Datenschutzerkl\u00e4rung der RIPAC-LABOR GmbH 1. Allgemeine Informationen \u00fcber die Verarbeitung personenbezogener Daten 1.1. Im Folgenden informieren wir Sie \u00fcber die Erhebung und Verarbeitung personenbezogener Daten, wenn Sie die von der RIPAC-LABOR GmbH angebotenen Dienstleistungen in Anspruch nehmen (diagnostische [...]\" \/>\n<meta property=\"og:url\" content=\"https:\/\/www.dopharma-ripac.com\/de\/datenschutz\/\" \/>\n<meta property=\"og:site_name\" content=\"Ripac Labor - A Dopharma Company\" \/>\n<meta property=\"article:modified_time\" content=\"2023-10-17T15:09:03+00:00\" \/>\n<meta name=\"twitter:card\" content=\"summary_large_image\" \/>\n<meta name=\"twitter:label1\" content=\"Gesch\u00e4tzte Lesezeit\" \/>\n\t<meta name=\"twitter:data1\" content=\"7\u00a0Minuten\" \/>\n<script type=\"application\/ld+json\" class=\"yoast-schema-graph\">{\"@context\":\"https:\\\/\\\/schema.org\",\"@graph\":[{\"@type\":\"WebPage\",\"@id\":\"https:\\\/\\\/www.dopharma-ripac.com\\\/en\\\/datenschutz\\\/\",\"url\":\"https:\\\/\\\/www.dopharma-ripac.com\\\/en\\\/datenschutz\\\/\",\"name\":\"Datenschutz - Ripac Labor - A Dopharma Company\",\"isPartOf\":{\"@id\":\"https:\\\/\\\/www.dopharma-ripac.com\\\/de\\\/#website\"},\"datePublished\":\"2022-05-12T12:04:51+00:00\",\"dateModified\":\"2023-10-17T15:09:03+00:00\",\"breadcrumb\":{\"@id\":\"https:\\\/\\\/www.dopharma-ripac.com\\\/en\\\/datenschutz\\\/#breadcrumb\"},\"inLanguage\":\"de\",\"potentialAction\":[{\"@type\":\"ReadAction\",\"target\":[\"https:\\\/\\\/www.dopharma-ripac.com\\\/en\\\/datenschutz\\\/\"]}]},{\"@type\":\"BreadcrumbList\",\"@id\":\"https:\\\/\\\/www.dopharma-ripac.com\\\/en\\\/datenschutz\\\/#breadcrumb\",\"itemListElement\":[{\"@type\":\"ListItem\",\"position\":1,\"name\":\"Home\",\"item\":\"https:\\\/\\\/www.dopharma-ripac.com\\\/de\\\/\"},{\"@type\":\"ListItem\",\"position\":2,\"name\":\"Datenschutz\"}]},{\"@type\":\"WebSite\",\"@id\":\"https:\\\/\\\/www.dopharma-ripac.com\\\/de\\\/#website\",\"url\":\"https:\\\/\\\/www.dopharma-ripac.com\\\/de\\\/\",\"name\":\"Ripac Labor - A Dopharma Company\",\"description\":\"Tailored animal health solutions\",\"potentialAction\":[{\"@type\":\"SearchAction\",\"target\":{\"@type\":\"EntryPoint\",\"urlTemplate\":\"https:\\\/\\\/www.dopharma-ripac.com\\\/de\\\/?s={search_term_string}\"},\"query-input\":{\"@type\":\"PropertyValueSpecification\",\"valueRequired\":true,\"valueName\":\"search_term_string\"}}],\"inLanguage\":\"de\"}]}<\/script>\n<!-- \/ Yoast SEO plugin. -->","yoast_head_json":{"title":"Datenschutz - Ripac Labor - A Dopharma Company","robots":{"index":"index","follow":"follow","max-snippet":"max-snippet:-1","max-image-preview":"max-image-preview:large","max-video-preview":"max-video-preview:-1"},"canonical":"https:\/\/www.dopharma-ripac.com\/de\/datenschutz\/","og_locale":"de_DE","og_type":"article","og_title":"Datenschutz - Ripac Labor - A Dopharma Company","og_description":"[av_textblock textblock_styling_align=&#8221; textblock_styling=&#8221; textblock_styling_gap=&#8221; textblock_styling_mobile=&#8221; size=&#8221; av-medium-font-size=&#8221; av-small-font-size=&#8221; av-mini-font-size=&#8221; font_color=&#8221; color=&#8221; id=&#8221; custom_class=&#8221; template_class=&#8221; av_uid=&#8217;av-l32yrane&#8217; sc_version=&#8217;1.0&#8242; admin_preview_bg=&#8221;] Datenschutzerkl\u00e4rung der RIPAC-LABOR GmbH 1. Allgemeine Informationen \u00fcber die Verarbeitung personenbezogener Daten 1.1. Im Folgenden informieren wir Sie \u00fcber die Erhebung und Verarbeitung personenbezogener Daten, wenn Sie die von der RIPAC-LABOR GmbH angebotenen Dienstleistungen in Anspruch nehmen (diagnostische [...]","og_url":"https:\/\/www.dopharma-ripac.com\/de\/datenschutz\/","og_site_name":"Ripac Labor - A Dopharma Company","article_modified_time":"2023-10-17T15:09:03+00:00","twitter_card":"summary_large_image","twitter_misc":{"Gesch\u00e4tzte Lesezeit":"7\u00a0Minuten"},"schema":{"@context":"https:\/\/schema.org","@graph":[{"@type":"WebPage","@id":"https:\/\/www.dopharma-ripac.com\/en\/datenschutz\/","url":"https:\/\/www.dopharma-ripac.com\/en\/datenschutz\/","name":"Datenschutz - Ripac Labor - A Dopharma Company","isPartOf":{"@id":"https:\/\/www.dopharma-ripac.com\/de\/#website"},"datePublished":"2022-05-12T12:04:51+00:00","dateModified":"2023-10-17T15:09:03+00:00","breadcrumb":{"@id":"https:\/\/www.dopharma-ripac.com\/en\/datenschutz\/#breadcrumb"},"inLanguage":"de","potentialAction":[{"@type":"ReadAction","target":["https:\/\/www.dopharma-ripac.com\/en\/datenschutz\/"]}]},{"@type":"BreadcrumbList","@id":"https:\/\/www.dopharma-ripac.com\/en\/datenschutz\/#breadcrumb","itemListElement":[{"@type":"ListItem","position":1,"name":"Home","item":"https:\/\/www.dopharma-ripac.com\/de\/"},{"@type":"ListItem","position":2,"name":"Datenschutz"}]},{"@type":"WebSite","@id":"https:\/\/www.dopharma-ripac.com\/de\/#website","url":"https:\/\/www.dopharma-ripac.com\/de\/","name":"Ripac Labor - A Dopharma Company","description":"Tailored animal health solutions","potentialAction":[{"@type":"SearchAction","target":{"@type":"EntryPoint","urlTemplate":"https:\/\/www.dopharma-ripac.com\/de\/?s={search_term_string}"},"query-input":{"@type":"PropertyValueSpecification","valueRequired":true,"valueName":"search_term_string"}}],"inLanguage":"de"}]}},"_links":{"self":[{"href":"https:\/\/www.dopharma-ripac.com\/de\/wp-json\/wp\/v2\/pages\/132","targetHints":{"allow":["GET"]}}],"collection":[{"href":"https:\/\/www.dopharma-ripac.com\/de\/wp-json\/wp\/v2\/pages"}],"about":[{"href":"https:\/\/www.dopharma-ripac.com\/de\/wp-json\/wp\/v2\/types\/page"}],"author":[{"embeddable":true,"href":"https:\/\/www.dopharma-ripac.com\/de\/wp-json\/wp\/v2\/users\/1"}],"replies":[{"embeddable":true,"href":"https:\/\/www.dopharma-ripac.com\/de\/wp-json\/wp\/v2\/comments?post=132"}],"version-history":[{"count":7,"href":"https:\/\/www.dopharma-ripac.com\/de\/wp-json\/wp\/v2\/pages\/132\/revisions"}],"predecessor-version":[{"id":417,"href":"https:\/\/www.dopharma-ripac.com\/de\/wp-json\/wp\/v2\/pages\/132\/revisions\/417"}],"wp:attachment":[{"href":"https:\/\/www.dopharma-ripac.com\/de\/wp-json\/wp\/v2\/media?parent=132"}],"curies":[{"name":"wp","href":"https:\/\/api.w.org\/{rel}","templated":true}]}}